{"id":29602,"date":"2023-02-14T13:40:57","date_gmt":"2023-02-14T13:40:57","guid":{"rendered":"https:\/\/www.ivh10.si\/Ponudbe\/konji\/?page_id=29602"},"modified":"2023-02-23T10:58:14","modified_gmt":"2023-02-23T10:58:14","slug":"nasa-zgodba","status":"publish","type":"page","link":"https:\/\/www.jjlipizzans.com\/en\/nasa-zgodba\/","title":{"rendered":"Our story"},"content":{"rendered":"<div data-elementor-type=\"wp-page\" data-elementor-id=\"29602\" class=\"elementor elementor-29602\">\n\t\t\t\t\t\t\t\t\t<section class=\"elementor-section elementor-top-section elementor-element elementor-element-abf7ff3 elementor-section-height-min-height elementor-section-boxed elementor-section-height-default elementor-section-items-middle\" data-id=\"abf7ff3\" data-element_type=\"section\" data-settings=\"{&quot;jet_parallax_layout_list&quot;:[],&quot;background_background&quot;:&quot;gradient&quot;}\">\n\t\t\t\t\t\t<div class=\"elementor-container elementor-column-gap-default\">\n\t\t\t\t\t<div class=\"elementor-column elementor-col-100 elementor-top-column elementor-element elementor-element-5774bdb\" data-id=\"5774bdb\" data-element_type=\"column\">\n\t\t\t<div class=\"elementor-widget-wrap elementor-element-populated\">\n\t\t\t\t\t\t\t\t<div class=\"elementor-element elementor-element-a6051e9 elementor-widget elementor-widget-heading\" data-id=\"a6051e9\" data-element_type=\"widget\" data-widget_type=\"heading.default\">\n\t\t\t\t<div class=\"elementor-widget-container\">\n\t\t\t<h2 class=\"elementor-heading-title elementor-size-default\">Our story<\/h2>\t\t<\/div>\n\t\t\t\t<\/div>\n\t\t\t\t\t<\/div>\n\t\t<\/div>\n\t\t\t\t\t\t\t<\/div>\n\t\t<\/section>\n\t\t\t\t<section class=\"elementor-section elementor-top-section elementor-element elementor-element-5ac663b elementor-section-height-min-height elementor-section-boxed elementor-section-height-default elementor-section-items-middle\" data-id=\"5ac663b\" data-element_type=\"section\" data-settings=\"{&quot;jet_parallax_layout_list&quot;:[]}\">\n\t\t\t\t\t\t<div class=\"elementor-container elementor-column-gap-default\">\n\t\t\t\t\t<div class=\"elementor-column elementor-col-50 elementor-top-column elementor-element elementor-element-d00026e\" data-id=\"d00026e\" data-element_type=\"column\">\n\t\t\t<div class=\"elementor-widget-wrap elementor-element-populated\">\n\t\t\t\t\t\t\t\t<div class=\"elementor-element elementor-element-6900f6d elementor-widget elementor-widget-heading\" data-id=\"6900f6d\" data-element_type=\"widget\" data-widget_type=\"heading.default\">\n\t\t\t\t<div class=\"elementor-widget-container\">\n\t\t\t<h2 class=\"elementor-heading-title elementor-size-default\">Presentation<\/h2>\t\t<\/div>\n\t\t\t\t<\/div>\n\t\t\t\t<div class=\"elementor-element elementor-element-17c197f elementor-widget elementor-widget-text-editor\" data-id=\"17c197f\" data-element_type=\"widget\" data-widget_type=\"text-editor.default\">\n\t\t\t\t<div class=\"elementor-widget-container\">\n\t\t\t\t\t\t\t<p>Our center is located in the village of Pre\u0161nica, below Slavnik, where the Karst world and Brkini meet. We are organized as a family organic farm and ensure high standards of nutrition and accommodation for the horses. We are engaged in the breeding of the autochthonous breed - LIPIZZANER. My husband and I are engaged in work, and the hardworking hands of our daughter Natalija and niece Julija have also been helping us for the last two years.\u00a0<\/p>\t\t\t\t\t\t<\/div>\n\t\t\t\t<\/div>\n\t\t\t\t<div class=\"elementor-element elementor-element-37b714b elementor-widget elementor-widget-jet-view-more\" data-id=\"37b714b\" data-element_type=\"widget\" data-widget_type=\"jet-view-more.default\">\n\t\t\t\t<div class=\"elementor-widget-container\">\n\t\t\t<div class=\"jet-view-more\" data-settings=\"{&quot;effect&quot;:&quot;fall-perspective&quot;,&quot;sections&quot;:{&quot;a2ee5ad&quot;:&quot;section_1&quot;},&quot;showall&quot;:true}\"><div class=\"jet-view-more__button\" role=\"button\" tabindex=\"0\"><div class=\"jet-view-more__icon jet-tricks-icon\"><i aria-hidden=\"true\" class=\"fas fa-arrow-circle-right\"><\/i><\/div><div class=\"jet-view-more__label\">Read more<\/div><\/div><\/div>\t\t<\/div>\n\t\t\t\t<\/div>\n\t\t\t\t<section class=\"jet-view-more-section elementor-section elementor-inner-section elementor-element elementor-element-374edce elementor-section-boxed elementor-section-height-default elementor-section-height-default\" data-id=\"374edce\" data-element_type=\"section\" id=\"section_1\" data-settings=\"{&quot;jet_parallax_layout_list&quot;:[]}\">\n\t\t\t\t\t\t<div class=\"elementor-container elementor-column-gap-default\">\n\t\t\t\t\t<div class=\"elementor-column elementor-col-100 elementor-inner-column elementor-element elementor-element-120a942\" data-id=\"120a942\" data-element_type=\"column\">\n\t\t\t<div class=\"elementor-widget-wrap elementor-element-populated\">\n\t\t\t\t\t\t\t\t<div class=\"elementor-element elementor-element-2eea6c1 elementor-widget elementor-widget-text-editor\" data-id=\"2eea6c1\" data-element_type=\"widget\" data-widget_type=\"text-editor.default\">\n\t\t\t\t<div class=\"elementor-widget-container\">\n\t\t\t\t\t\t\t<p>I started riding more seriously at the age of 12, at the Sto\u017eice Hippodrome, under the watchful guidance of Mojca Koren. Years ago, I completed my education at the Grm Agricultural School in Novo Mesto as \u2013 an Equestrian and Horse Breeding Consultant. The title enabled me to register the farm and get a job at home. Her husband, Marko, is employed at the Lipica Stud farm as a team driver, and at the same time, he is also a riding instructor at the Equestrian Association of Slovenia. Through his work and years, he also gathers experience in international competitions.\nWe are members of the Lipizzaner breeding association (ZRLS) and are thus connected to the organized breeding of the breed at the national level. The breeding program and selection give us guidelines that allow us to improve the quality and develop the herd. At the same time, our stable is also a registered admission station. In cooperation with the Lipizzaner Breeding association (ZRLS) of Slovenia and the Lipica Stud farm, We also rent a breeding stallion every year. Such support and cooperation enable us to have genetic diversity and herd development.<\/p>\t\t\t\t\t\t<\/div>\n\t\t\t\t<\/div>\n\t\t\t\t\t<\/div>\n\t\t<\/div>\n\t\t\t\t\t\t\t<\/div>\n\t\t<\/section>\n\t\t\t\t\t<\/div>\n\t\t<\/div>\n\t\t\t\t<div class=\"elementor-column elementor-col-50 elementor-top-column elementor-element elementor-element-88fcbce\" data-id=\"88fcbce\" data-element_type=\"column\" data-settings=\"{&quot;background_background&quot;:&quot;classic&quot;}\">\n\t\t\t<div class=\"elementor-widget-wrap elementor-element-populated\">\n\t\t\t\t\t\t\t\t<div class=\"elementor-element elementor-element-cf0bb88 elementor-widget elementor-widget-spacer\" data-id=\"cf0bb88\" data-element_type=\"widget\" data-widget_type=\"spacer.default\">\n\t\t\t\t<div class=\"elementor-widget-container\">\n\t\t\t\t\t<div class=\"elementor-spacer\">\n\t\t\t<div class=\"elementor-spacer-inner\"><\/div>\n\t\t<\/div>\n\t\t\t\t<\/div>\n\t\t\t\t<\/div>\n\t\t\t\t\t<\/div>\n\t\t<\/div>\n\t\t\t\t\t\t\t<\/div>\n\t\t<\/section>\n\t\t\t\t<section class=\"elementor-section elementor-top-section elementor-element elementor-element-d05e0b5 elementor-section-height-min-height elementor-reverse-tablet elementor-reverse-mobile elementor-section-boxed elementor-section-height-default elementor-section-items-middle\" data-id=\"d05e0b5\" data-element_type=\"section\" data-settings=\"{&quot;jet_parallax_layout_list&quot;:[],&quot;background_background&quot;:&quot;gradient&quot;}\">\n\t\t\t\t\t\t<div class=\"elementor-container elementor-column-gap-default\">\n\t\t\t\t\t<div class=\"elementor-column elementor-col-50 elementor-top-column elementor-element elementor-element-d8d656f\" data-id=\"d8d656f\" data-element_type=\"column\">\n\t\t\t<div class=\"elementor-widget-wrap elementor-element-populated\">\n\t\t\t\t\t\t\t\t<div class=\"elementor-element elementor-element-b8bebf0 elementor-widget elementor-widget-heading\" data-id=\"b8bebf0\" data-element_type=\"widget\" data-widget_type=\"heading.default\">\n\t\t\t\t<div class=\"elementor-widget-container\">\n\t\t\t<h2 class=\"elementor-heading-title elementor-size-default\">Freedom of the herd<\/h2>\t\t<\/div>\n\t\t\t\t<\/div>\n\t\t\t\t<div class=\"elementor-element elementor-element-62b7c66 elementor-widget elementor-widget-text-editor\" data-id=\"62b7c66\" data-element_type=\"widget\" data-widget_type=\"text-editor.default\">\n\t\t\t\t<div class=\"elementor-widget-container\">\n\t\t\t\t\t\t\t<p>Most of the center's pastures are located on karst-altitude areas, which represent the original habitat of the Lipizzaner. Horses grow up on more than 100 hectares of pastureland. In winter, the herd is in Pre\u0161nica along the paths to \u010crnoti\u010de, which in recent years has become an attractive destination for locals and tourists. In the summertime, part of the herd can be seen on the pastures of Slavnik, more precisely on Planina Jegno.<\/p>\t\t\t\t\t\t<\/div>\n\t\t\t\t<\/div>\n\t\t\t\t<div class=\"elementor-element elementor-element-29481f4 elementor-widget__width-auto elementor-align-left elementor-widget elementor-widget-button\" data-id=\"29481f4\" data-element_type=\"widget\" data-widget_type=\"button.default\">\n\t\t\t\t<div class=\"elementor-widget-container\">\n\t\t\t\t\t<div class=\"elementor-button-wrapper\">\n\t\t\t<a href=\"https:\/\/www.jjlipizzans.com\/en\/contact\/\" class=\"elementor-button-link elementor-button elementor-size-sm\" role=\"button\">\n\t\t\t\t\t\t<span class=\"elementor-button-content-wrapper\">\n\t\t\t\t\t\t<span class=\"elementor-button-text\">Visit us<\/span>\n\t\t<\/span>\n\t\t\t\t\t<\/a>\n\t\t<\/div>\n\t\t\t\t<\/div>\n\t\t\t\t<\/div>\n\t\t\t\t<div class=\"elementor-element elementor-element-495413b elementor-widget__width-auto elementor-align-left elementor-widget elementor-widget-button\" data-id=\"495413b\" data-element_type=\"widget\" data-widget_type=\"button.default\">\n\t\t\t\t<div class=\"elementor-widget-container\">\n\t\t\t\t\t<div class=\"elementor-button-wrapper\">\n\t\t\t<a href=\"https:\/\/www.jjlipizzans.com\/en\/plemenska-creda\/\" class=\"elementor-button-link elementor-button elementor-size-sm\" role=\"button\">\n\t\t\t\t\t\t<span class=\"elementor-button-content-wrapper\">\n\t\t\t\t\t\t<span class=\"elementor-button-text\">Visit our herd<\/span>\n\t\t<\/span>\n\t\t\t\t\t<\/a>\n\t\t<\/div>\n\t\t\t\t<\/div>\n\t\t\t\t<\/div>\n\t\t\t\t\t<\/div>\n\t\t<\/div>\n\t\t\t\t<div class=\"elementor-column elementor-col-50 elementor-top-column elementor-element elementor-element-eb2798e\" data-id=\"eb2798e\" data-element_type=\"column\">\n\t\t\t<div class=\"elementor-widget-wrap elementor-element-populated\">\n\t\t\t\t\t\t\t\t<section class=\"elementor-section elementor-inner-section elementor-element elementor-element-3c17a9e elementor-section-height-min-height elementor-hidden-tablet elementor-hidden-mobile elementor-section-boxed elementor-section-height-default\" data-id=\"3c17a9e\" data-element_type=\"section\" data-settings=\"{&quot;jet_parallax_layout_list&quot;:[],&quot;background_background&quot;:&quot;video&quot;,&quot;background_video_link&quot;:&quot;https:\\\/\\\/www.youtube.com\\\/watch?v=cc3zOGv0Opc&amp;ab_channel=JJ-Lipizzans%2CJanaJa%C5%A1ovi%C4%87Memon&quot;,&quot;background_video_start&quot;:10,&quot;background_video_end&quot;:70}\">\n\t\t\t\t\t\t\t\t<div class=\"elementor-background-video-container elementor-hidden-phone\">\n\t\t\t\t\t\t\t\t\t\t\t\t\t<div class=\"elementor-background-video-embed\"><\/div>\n\t\t\t\t\t\t\t\t\t\t\t\t<\/div>\n\t\t\t\t\t\t\t\t<div class=\"elementor-container elementor-column-gap-default\">\n\t\t\t\t\t<div class=\"elementor-column elementor-col-100 elementor-inner-column elementor-element elementor-element-7db0f63\" data-id=\"7db0f63\" data-element_type=\"column\">\n\t\t\t<div class=\"elementor-widget-wrap elementor-element-populated\">\n\t\t\t\t\t\t\t\t<div class=\"elementor-element elementor-element-5bfc808 elementor-widget elementor-widget-image\" data-id=\"5bfc808\" data-element_type=\"widget\" data-widget_type=\"image.default\">\n\t\t\t\t<div class=\"elementor-widget-container\">\n\t\t\t\t\t\t\t\t\t\t\t\t\t\t\t<img decoding=\"async\" width=\"239\" height=\"215\" src=\"https:\/\/www.jjlipizzans.com\/wp-content\/uploads\/2020\/11\/63e902e2e9514.png\" class=\"attachment-large size-large wp-image-29473\" alt=\"63e902e2e9514\" \/>\t\t\t\t\t\t\t\t\t\t\t\t\t\t\t<\/div>\n\t\t\t\t<\/div>\n\t\t\t\t\t<\/div>\n\t\t<\/div>\n\t\t\t\t\t\t\t<\/div>\n\t\t<\/section>\n\t\t\t\t<div class=\"elementor-element elementor-element-08bbc5d elementor-hidden-desktop elementor-widget elementor-widget-jet-video\" data-id=\"08bbc5d\" data-element_type=\"widget\" data-widget_type=\"jet-video.default\">\n\t\t\t\t<div class=\"elementor-widget-container\">\n\t\t\t<div class=\"elementor-jet-video jet-elements\">\n<div class=\"jet-video jet-video--fa5-compat jet-video-aspect-ratio jet-video-aspect-ratio--16-9\" data-settings=\"{&quot;lightbox&quot;:false,&quot;autoplay&quot;:true}\"><iframe class=\"jet-video-iframe\" allowfullscreen title=\"youtube Video Player\" data-lazy-load=\"https:\/\/www.youtube.com\/embed\/cc3zOGv0Opc?feature=oembed&amp;playlist=cc3zOGv0Opc&amp;wmode=opaque&amp;autoplay=1&amp;loop=1&amp;controls=0&amp;mute=1&amp;rel=0&amp;modestbranding=0\" allow=\"autoplay;encrypted-media\"><\/iframe>\n<div class=\"jet-video__overlay jet-video__overlay--custom-bg\" style=\"background-image: url(https:\/\/i.ytimg.com\/vi_webp\/cc3zOGv0Opc\/maxresdefault.webp);\">\n<div class=\"jet-video__play-button\" role=\"button\" tabindex=\"0\" aria-label=\"Video play button\"><span class=\"jet-elements-icon jet-video__play-button-icon\"><i aria-hidden=\"true\" class=\"fas fa-play\"><\/i><\/span>\t<span class=\"elementor-screen-only\">Play Video<\/span>\n<\/div>\n<\/div>\n<\/div>\n<\/div>\t\t<\/div>\n\t\t\t\t<\/div>\n\t\t\t\t\t<\/div>\n\t\t<\/div>\n\t\t\t\t\t\t\t<\/div>\n\t\t<\/section>\n\t\t\t\t<section class=\"elementor-section elementor-top-section elementor-element elementor-element-18cea23 elementor-section-height-min-height elementor-reverse-tablet elementor-reverse-mobile elementor-section-boxed elementor-section-height-default elementor-section-items-middle\" data-id=\"18cea23\" data-element_type=\"section\" id=\"prva_leta\" data-settings=\"{&quot;jet_parallax_layout_list&quot;:[]}\">\n\t\t\t\t\t\t<div class=\"elementor-container elementor-column-gap-default\">\n\t\t\t\t\t<div class=\"elementor-column elementor-col-50 elementor-top-column elementor-element elementor-element-0e06471\" data-id=\"0e06471\" data-element_type=\"column\">\n\t\t\t<div class=\"elementor-widget-wrap elementor-element-populated\">\n\t\t\t\t\t\t\t\t<div class=\"elementor-element elementor-element-0da5323 elementor-widget elementor-widget-heading\" data-id=\"0da5323\" data-element_type=\"widget\" data-widget_type=\"heading.default\">\n\t\t\t\t<div class=\"elementor-widget-container\">\n\t\t\t<h2 class=\"elementor-heading-title elementor-size-default\">New life and first years<\/h2>\t\t<\/div>\n\t\t\t\t<\/div>\n\t\t\t\t<div class=\"elementor-element elementor-element-d4eaaa8 elementor-widget elementor-widget-text-editor\" data-id=\"d4eaaa8\" data-element_type=\"widget\" data-widget_type=\"text-editor.default\">\n\t\t\t\t<div class=\"elementor-widget-container\">\n\t\t\t\t\t\t\t<p>When the foals are a month and a half old, they start living in an organized herd 24\/7 on vast pastures, in a herd that they already know. From that time on, they trust us 100%, and in the following months, their mothers teach them about the dangers of nature, how to move through vast pastures, how to find food and water, and the importance of the herd, which becomes their family. Mares and stallions of the same year thus spend the following years growing up with their companions.\u00a0<\/p>\t\t\t\t\t\t<\/div>\n\t\t\t\t<\/div>\n\t\t\t\t<div class=\"elementor-element elementor-element-172a4d9 elementor-widget elementor-widget-jet-view-more\" data-id=\"172a4d9\" data-element_type=\"widget\" data-widget_type=\"jet-view-more.default\">\n\t\t\t\t<div class=\"elementor-widget-container\">\n\t\t\t<div class=\"jet-view-more\" data-settings=\"{&quot;effect&quot;:&quot;fall-perspective&quot;,&quot;sections&quot;:{&quot;a2ee5ad&quot;:&quot;section_2&quot;},&quot;showall&quot;:true}\"><div class=\"jet-view-more__button\" role=\"button\" tabindex=\"0\"><div class=\"jet-view-more__icon jet-tricks-icon\"><i aria-hidden=\"true\" class=\"fas fa-arrow-circle-right\"><\/i><\/div><div class=\"jet-view-more__label\">Read more<\/div><\/div><\/div>\t\t<\/div>\n\t\t\t\t<\/div>\n\t\t\t\t<section class=\"jet-view-more-section elementor-section elementor-inner-section elementor-element elementor-element-adec3ab elementor-section-boxed elementor-section-height-default elementor-section-height-default\" data-id=\"adec3ab\" data-element_type=\"section\" id=\"section_2\" data-settings=\"{&quot;jet_parallax_layout_list&quot;:[]}\">\n\t\t\t\t\t\t<div class=\"elementor-container elementor-column-gap-default\">\n\t\t\t\t\t<div class=\"elementor-column elementor-col-100 elementor-inner-column elementor-element elementor-element-69b08f5\" data-id=\"69b08f5\" data-element_type=\"column\">\n\t\t\t<div class=\"elementor-widget-wrap elementor-element-populated\">\n\t\t\t\t\t\t\t\t<div class=\"elementor-element elementor-element-5d85f1d elementor-widget elementor-widget-text-editor\" data-id=\"5d85f1d\" data-element_type=\"widget\" data-widget_type=\"text-editor.default\">\n\t\t\t\t<div class=\"elementor-widget-container\">\n\t\t\t\t\t\t\t<p>Foals are born in the springtime. All are born in birthing boxes equipped with a video surveillance system. There they take their first steps and experience their first human contact. In the following days, we will start socializing the foals. They all get used to being led on the pommel and lifting their legs. For breeding, we only use calm mares that we can completely trust because a calm, smart and well-trained mare is the best investment in the future. At the age of two or three weeks, the mare and foal are housed in stalls at the end of the village, where the mare and foal spend the days in the common herd, and the nights in the stalls. This way of working allows us to further socialize and contact the foals, and during the period of maximum lactation, care for the mares according to their needs.<\/p>\t\t\t\t\t\t<\/div>\n\t\t\t\t<\/div>\n\t\t\t\t\t<\/div>\n\t\t<\/div>\n\t\t\t\t\t\t\t<\/div>\n\t\t<\/section>\n\t\t\t\t\t<\/div>\n\t\t<\/div>\n\t\t\t\t<div class=\"elementor-column elementor-col-50 elementor-top-column elementor-element elementor-element-b78beb5\" data-id=\"b78beb5\" data-element_type=\"column\" data-settings=\"{&quot;background_background&quot;:&quot;classic&quot;}\">\n\t\t\t<div class=\"elementor-widget-wrap elementor-element-populated\">\n\t\t\t\t\t\t\t\t<div class=\"elementor-element elementor-element-c720414 elementor-widget elementor-widget-spacer\" data-id=\"c720414\" data-element_type=\"widget\" data-widget_type=\"spacer.default\">\n\t\t\t\t<div class=\"elementor-widget-container\">\n\t\t\t\t\t<div class=\"elementor-spacer\">\n\t\t\t<div class=\"elementor-spacer-inner\"><\/div>\n\t\t<\/div>\n\t\t\t\t<\/div>\n\t\t\t\t<\/div>\n\t\t\t\t\t<\/div>\n\t\t<\/div>\n\t\t\t\t\t\t\t<\/div>\n\t\t<\/section>\n\t\t\t\t<section class=\"elementor-section elementor-top-section elementor-element elementor-element-89c1237 elementor-section-height-min-height elementor-section-items-bottom elementor-section-boxed elementor-section-height-default\" data-id=\"89c1237\" data-element_type=\"section\" data-settings=\"{&quot;jet_parallax_layout_list&quot;:[],&quot;background_background&quot;:&quot;classic&quot;}\">\n\t\t\t\t\t\t\t<div class=\"elementor-background-overlay\"><\/div>\n\t\t\t\t\t\t\t<div class=\"elementor-container elementor-column-gap-default\">\n\t\t\t\t\t<div class=\"elementor-column elementor-col-50 elementor-top-column elementor-element elementor-element-4bd5299\" data-id=\"4bd5299\" data-element_type=\"column\">\n\t\t\t<div class=\"elementor-widget-wrap elementor-element-populated\">\n\t\t\t\t\t\t\t\t<div class=\"elementor-element elementor-element-7775da4 elementor-widget elementor-widget-text-editor\" data-id=\"7775da4\" data-element_type=\"widget\" data-widget_type=\"text-editor.default\">\n\t\t\t\t<div class=\"elementor-widget-container\">\n\t\t\t\t\t\t\t<p>When selling, we advise the new owners and organize the transport of the horses to their new homes. The horses are accompanied by veterinarian and any other documents, which we take care of. You can find our horses all over the World.<\/p><p><em>We are looking forward to your visit!<\/em><\/p>\t\t\t\t\t\t<\/div>\n\t\t\t\t<\/div>\n\t\t\t\t<div class=\"elementor-element elementor-element-b5bd942 elementor-widget elementor-widget-text-editor\" data-id=\"b5bd942\" data-element_type=\"widget\" data-widget_type=\"text-editor.default\">\n\t\t\t\t<div class=\"elementor-widget-container\">\n\t\t\t\t\t\t\t<p><em>Jana<\/em><\/p>\t\t\t\t\t\t<\/div>\n\t\t\t\t<\/div>\n\t\t\t\t\t<\/div>\n\t\t<\/div>\n\t\t\t\t<div class=\"elementor-column elementor-col-50 elementor-top-column elementor-element elementor-element-ac3411e elementor-hidden-tablet elementor-hidden-mobile\" data-id=\"ac3411e\" data-element_type=\"column\">\n\t\t\t<div class=\"elementor-widget-wrap\">\n\t\t\t\t\t\t\t\t\t<\/div>\n\t\t<\/div>\n\t\t\t\t\t\t\t<\/div>\n\t\t<\/section>\n\t\t\t\t\t\t\t<\/div>","protected":false},"excerpt":{"rendered":"<p>Na\u0161a zgodba Predstavitev Na\u0161 center se nahaja v vasi Pre\u0161nica, pod Slavnikom, kjer se stikata kra\u0161ki svet in Brkini. Organizirani smo kot dru\u017einska ekolo\u0161ka kmetija in zagotavljamo visoke standarde prehrane in bivanja konj. Ukvarjamo se z rejo avtohnote pasme \u2013 LIPICANEC. V delo sva vpeta s soprogom, zadnje dve leti nama pomagajo tudi pridne roke [&hellip;]<\/p>","protected":false},"author":1,"featured_media":0,"parent":0,"menu_order":0,"comment_status":"closed","ping_status":"closed","template":"","meta":{"_seopress_robots_primary_cat":""},"_links":{"self":[{"href":"https:\/\/www.jjlipizzans.com\/en\/wp-json\/wp\/v2\/pages\/29602"}],"collection":[{"href":"https:\/\/www.jjlipizzans.com\/en\/wp-json\/wp\/v2\/pages"}],"about":[{"href":"https:\/\/www.jjlipizzans.com\/en\/wp-json\/wp\/v2\/types\/page"}],"author":[{"embeddable":true,"href":"https:\/\/www.jjlipizzans.com\/en\/wp-json\/wp\/v2\/users\/1"}],"replies":[{"embeddable":true,"href":"https:\/\/www.jjlipizzans.com\/en\/wp-json\/wp\/v2\/comments?post=29602"}],"version-history":[{"count":0,"href":"https:\/\/www.jjlipizzans.com\/en\/wp-json\/wp\/v2\/pages\/29602\/revisions"}],"wp:attachment":[{"href":"https:\/\/www.jjlipizzans.com\/en\/wp-json\/wp\/v2\/media?parent=29602"}],"curies":[{"name":"wp","href":"https:\/\/api.w.org\/{rel}","templated":true}]}}