{"id":32309,"date":"2025-11-19T13:32:54","date_gmt":"2025-11-19T13:32:54","guid":{"rendered":"https:\/\/www.jjlipizzans.com\/prp-2023-2027-copy\/"},"modified":"2025-11-21T09:06:21","modified_gmt":"2025-11-21T09:06:21","slug":"faq","status":"publish","type":"page","link":"https:\/\/www.jjlipizzans.com\/en\/faq\/","title":{"rendered":"FAQ"},"content":{"rendered":"<div data-elementor-type=\"wp-page\" data-elementor-id=\"32309\" class=\"elementor elementor-32309\">\n\t\t\t\t\t\t\t\t\t<section class=\"elementor-section elementor-top-section elementor-element elementor-element-abf7ff3 elementor-section-height-min-height elementor-section-boxed elementor-section-height-default elementor-section-items-middle\" data-id=\"abf7ff3\" data-element_type=\"section\" data-settings=\"{&quot;jet_parallax_layout_list&quot;:[]}\">\n\t\t\t\t\t\t\t<div class=\"elementor-background-overlay\"><\/div>\n\t\t\t\t\t\t\t<div class=\"elementor-container elementor-column-gap-default\">\n\t\t\t\t\t<div class=\"elementor-column elementor-col-100 elementor-top-column elementor-element elementor-element-5774bdb\" data-id=\"5774bdb\" data-element_type=\"column\">\n\t\t\t<div class=\"elementor-widget-wrap elementor-element-populated\">\n\t\t\t\t\t\t\t\t<div class=\"elementor-element elementor-element-a6051e9 elementor-widget elementor-widget-heading\" data-id=\"a6051e9\" data-element_type=\"widget\" data-widget_type=\"heading.default\">\n\t\t\t\t<div class=\"elementor-widget-container\">\n\t\t\t<h2 class=\"elementor-heading-title elementor-size-default\">FAQ<\/h2>\t\t<\/div>\n\t\t\t\t<\/div>\n\t\t\t\t\t<\/div>\n\t\t<\/div>\n\t\t\t\t\t\t\t<\/div>\n\t\t<\/section>\n\t\t\t\t<section class=\"elementor-section elementor-top-section elementor-element elementor-element-5ac663b elementor-section-boxed elementor-section-height-default elementor-section-height-default\" data-id=\"5ac663b\" data-element_type=\"section\" data-settings=\"{&quot;jet_parallax_layout_list&quot;:[]}\">\n\t\t\t\t\t\t<div class=\"elementor-container elementor-column-gap-default\">\n\t\t\t\t\t<div class=\"elementor-column elementor-col-100 elementor-top-column elementor-element elementor-element-d00026e\" data-id=\"d00026e\" data-element_type=\"column\">\n\t\t\t<div class=\"elementor-widget-wrap elementor-element-populated\">\n\t\t\t\t\t\t\t\t<div class=\"elementor-element elementor-element-b5f8b82 elementor-widget elementor-widget-text-editor\" data-id=\"b5f8b82\" data-element_type=\"widget\" data-widget_type=\"text-editor.default\">\n\t\t\t\t<div class=\"elementor-widget-container\">\n\t\t\t\t\t\t\t<p>Adopt lipizzaner<\/p><p><b style=\"font-variant-ligatures: normal; font-variant-caps: normal; font-family: Rubik, sans-serif; font-size: 28px; font-style: normal; white-space-collapse: preserve;\"><span style=\"line-height: 17.12px; font-family: 'Aptos Display', sans-serif; font-size: 12pt;\">Posvaja\u0161 lipicanca in te zanima tudi to?<\/span><\/b><\/p><p>\u00a0<\/p>\t\t\t\t\t\t<\/div>\n\t\t\t\t<\/div>\n\t\t\t\t<div class=\"elementor-element elementor-element-6900f6d elementor-widget elementor-widget-heading\" data-id=\"6900f6d\" data-element_type=\"widget\" data-widget_type=\"heading.default\">\n\t\t\t\t<div class=\"elementor-widget-container\">\n\t\t\t<h2 class=\"elementor-heading-title elementor-size-default\"><b><span style=\"font-size:11.0pt;line-height:107%;font-family:&quot;Aptos&quot;,sans-serif;mso-ascii-theme-font:minor-latin;mso-fareast-font-family:Aptos;mso-fareast-theme-font:minor-latin;mso-hansi-theme-font:minor-latin;mso-bidi-font-family:&quot;Times New Roman&quot;;mso-bidi-theme-font:minor-bidi;mso-ansi-language:#2000;mso-fareast-language:EN-US;mso-bidi-language:AR-SA\">Kako izgleda Certifikat o posvojitvi?<\/span><\/b><\/h2>\t\t<\/div>\n\t\t\t\t<\/div>\n\t\t\t\t<div class=\"elementor-element elementor-element-17c197f elementor-widget elementor-widget-text-editor\" data-id=\"17c197f\" data-element_type=\"widget\" data-widget_type=\"text-editor.default\">\n\t\t\t\t<div class=\"elementor-widget-container\">\n\t\t\t\t\t\t\t<p><b><span style=\"font-size: 11.0pt; line-height: 107%; font-family: 'Aptos',sans-serif; mso-ascii-theme-font: minor-latin; mso-fareast-font-family: Aptos; mso-fareast-theme-font: minor-latin; mso-hansi-theme-font: minor-latin; mso-bidi-font-family: 'Times New Roman'; mso-bidi-theme-font: minor-bidi; mso-ansi-language: #2000; mso-fareast-language: EN-US; mso-bidi-language: AR-SA;\">Certifikat o posvojitvi<\/span><\/b><span style=\"font-size: 11.0pt; line-height: 107%; font-family: 'Aptos',sans-serif; mso-ascii-theme-font: minor-latin; mso-fareast-font-family: Aptos; mso-fareast-theme-font: minor-latin; mso-hansi-theme-font: minor-latin; mso-bidi-font-family: 'Times New Roman'; mso-bidi-theme-font: minor-bidi; mso-ansi-language: #2000; mso-fareast-language: EN-US; mso-bidi-language: AR-SA;\">\u00a0lahko dopolni\u0161 z lastnim imenom, nameni\u0161 ga lahko sebi ali pa komu drugemu.<\/span><\/p><p><span style=\"font-size: 11.0pt; line-height: 107%; font-family: 'Aptos',sans-serif; mso-ascii-theme-font: minor-latin; mso-fareast-font-family: Aptos; mso-fareast-theme-font: minor-latin; mso-hansi-theme-font: minor-latin; mso-bidi-font-family: 'Times New Roman'; mso-bidi-theme-font: minor-bidi; mso-ansi-language: #2000; mso-fareast-language: EN-US; mso-bidi-language: AR-SA;\">\u00a0<\/span><\/p>\t\t\t\t\t\t<\/div>\n\t\t\t\t<\/div>\n\t\t\t\t<div class=\"elementor-element elementor-element-7baa6fe elementor-widget__width-initial elementor-widget elementor-widget-image\" data-id=\"7baa6fe\" data-element_type=\"widget\" data-widget_type=\"image.default\">\n\t\t\t\t<div class=\"elementor-widget-container\">\n\t\t\t\t\t\t\t\t\t\t\t\t\t\t\t\t<a href=\"https:\/\/www.jjlipizzans.com\/wp-content\/uploads\/2025\/11\/Certifikat-o-posvojitvi-SLO-1.jpg\" data-elementor-open-lightbox=\"yes\" data-elementor-lightbox-title=\"certifikat o posvojitvi slo (1)\" data-e-action-hash=\"#elementor-action%3Aaction%3Dlightbox%26settings%3DeyJpZCI6MzIzOTgsInVybCI6Imh0dHBzOlwvXC93d3cuampsaXBpenphbnMuY29tXC93cC1jb250ZW50XC91cGxvYWRzXC8yMDI1XC8xMVwvQ2VydGlmaWthdC1vLXBvc3Zvaml0dmktU0xPLTEuanBnIn0%3D\">\n\t\t\t\t\t\t\t<img decoding=\"async\" width=\"1024\" height=\"724\" src=\"https:\/\/www.jjlipizzans.com\/wp-content\/uploads\/2025\/11\/Certifikat-o-posvojitvi-SLO-1.jpg\" class=\"attachment-large size-large wp-image-32398\" alt=\"certifikat o posvojitvi slo (1)\" \/>\t\t\t\t\t\t\t\t<\/a>\n\t\t\t\t\t\t\t\t\t\t\t\t\t\t\t<\/div>\n\t\t\t\t<\/div>\n\t\t\t\t<div class=\"elementor-element elementor-element-2d04d58 elementor-widget-divider--view-line_text elementor-widget-divider--element-align-center elementor-widget elementor-widget-divider\" data-id=\"2d04d58\" data-element_type=\"widget\" data-widget_type=\"divider.default\">\n\t\t\t\t<div class=\"elementor-widget-container\">\n\t\t\t\t\t<div class=\"elementor-divider\">\n\t\t\t<span class=\"elementor-divider-separator\">\n\t\t\t\t\t\t<\/span>\n\t\t<\/div>\n\t\t\t\t<\/div>\n\t\t\t\t<\/div>\n\t\t\t\t<div class=\"elementor-element elementor-element-5dbae5b elementor-widget elementor-widget-heading\" data-id=\"5dbae5b\" data-element_type=\"widget\" data-widget_type=\"heading.default\">\n\t\t\t\t<div class=\"elementor-widget-container\">\n\t\t\t<h2 class=\"elementor-heading-title elementor-size-default\"><b><span style=\"font-size:11.0pt;line-height:107%;font-family:&quot;Aptos&quot;,sans-serif;mso-ascii-theme-font:minor-latin;mso-fareast-font-family:Aptos;mso-fareast-theme-font:minor-latin;mso-hansi-theme-font:minor-latin;mso-bidi-font-family:&quot;Times New Roman&quot;;mso-bidi-theme-font:minor-bidi;mso-ansi-language:#2000;mso-fareast-language:EN-US;mso-bidi-language:AR-SA\">Kako se porabi denar za posvojitev?<\/span><\/b><\/h2>\t\t<\/div>\n\t\t\t\t<\/div>\n\t\t\t\t<div class=\"elementor-element elementor-element-8631a2c elementor-widget elementor-widget-text-editor\" data-id=\"8631a2c\" data-element_type=\"widget\" data-widget_type=\"text-editor.default\">\n\t\t\t\t<div class=\"elementor-widget-container\">\n\t\t\t\t\t\t\t<p><span style=\"font-size: 11.0pt; line-height: 107%; font-family: 'Aptos',sans-serif; mso-ascii-theme-font: minor-latin; mso-fareast-font-family: Aptos; mso-fareast-theme-font: minor-latin; mso-hansi-theme-font: minor-latin; mso-bidi-font-family: 'Times New Roman'; mso-bidi-theme-font: minor-bidi; mso-ansi-language: #2000; mso-fareast-language: EN-US; mso-bidi-language: AR-SA;\">Narava na na\u0161em planetu hitro izginja, denar od posvojitve pa nam pomaga za\u0161\u010dititi nekatere na\u0161e rastlinske vrste in pomaga ohranjati biotsko raznovrstnost Krasa, ki je seveda tudi \u017eivljenski prostor na\u0161e \u010drede. \u00a0Denar od posvojitve podpira delo na\u0161e kmetije, razvoj na\u0161e \u010drede lipicancev in pomaga zadr\u017eati kvalitetne \u017eivali doma, v reji in za bodo\u010de rodove<\/span><\/p>\t\t\t\t\t\t<\/div>\n\t\t\t\t<\/div>\n\t\t\t\t<div class=\"elementor-element elementor-element-af1238b elementor-widget-divider--view-line elementor-widget elementor-widget-divider\" data-id=\"af1238b\" data-element_type=\"widget\" data-widget_type=\"divider.default\">\n\t\t\t\t<div class=\"elementor-widget-container\">\n\t\t\t\t\t<div class=\"elementor-divider\">\n\t\t\t<span class=\"elementor-divider-separator\">\n\t\t\t\t\t\t<\/span>\n\t\t<\/div>\n\t\t\t\t<\/div>\n\t\t\t\t<\/div>\n\t\t\t\t<div class=\"elementor-element elementor-element-96b93c9 elementor-widget elementor-widget-heading\" data-id=\"96b93c9\" data-element_type=\"widget\" data-widget_type=\"heading.default\">\n\t\t\t\t<div class=\"elementor-widget-container\">\n\t\t\t<h2 class=\"elementor-heading-title elementor-size-default\"><b><span style=\"font-size:11.0pt;line-height:107%;font-family:&quot;Aptos&quot;,sans-serif;mso-ascii-theme-font:minor-latin;mso-fareast-font-family:Aptos;mso-fareast-theme-font:minor-latin;mso-hansi-theme-font:minor-latin;mso-bidi-font-family:&quot;Times New Roman&quot;;mso-bidi-theme-font:minor-bidi;mso-ansi-language:#2000;mso-fareast-language:EN-US;mso-bidi-language:AR-SA\">Je certifikat darilo? <\/span><\/b><b style=\"font-family: Rubik, sans-serif; font-size: 28px; font-style: normal; font-variant-ligatures: normal; font-variant-caps: normal;\"><span style=\"line-height: 15.6933px; font-family: Aptos, sans-serif; font-size: 11pt;\">Kdaj bom prejel\/a certifikat o posvojitvi?<\/span><\/b><\/h2>\t\t<\/div>\n\t\t\t\t<\/div>\n\t\t\t\t<div class=\"elementor-element elementor-element-87440f1 elementor-widget elementor-widget-text-editor\" data-id=\"87440f1\" data-element_type=\"widget\" data-widget_type=\"text-editor.default\">\n\t\t\t\t<div class=\"elementor-widget-container\">\n\t\t\t\t\t\t\t<p><span style=\"font-size: 11.0pt; line-height: 107%; font-family: 'Aptos',sans-serif; mso-ascii-theme-font: minor-latin; mso-fareast-font-family: Aptos; mso-fareast-theme-font: minor-latin; mso-hansi-theme-font: minor-latin; mso-bidi-font-family: 'Times New Roman'; mso-bidi-theme-font: minor-bidi; mso-ansi-language: #2000; mso-fareast-language: EN-US; mso-bidi-language: AR-SA;\">Da, pravzaprav daruje\u0161 za na\u0161 \u017eivi svet in lipicance, eno najstarej\u0161ih kulturnih pasem konj na svetu, svojo donacijo pa namenja\u0161 nekomu drugemu.\u00a0<\/span><span style=\"font-family: Aptos, sans-serif; font-size: 14.6667px; font-style: normal; font-variant-ligatures: normal; font-variant-caps: normal; font-weight: 400;\">Odlo\u010ditev je tvoja. \u017deli\u0161 kupiti darilo za rojstni dan ali drugi praznik \u017ee tedne vnaprej? V tem primeru lahko vnaprej dolo\u010di\u0161 datum, ko \u017eeli\u0161, da oseba prejme certifikat. Morda kupuje\u0161 darilo v zadnjem trenutku in ga mora\u0161 kmalu poslati? V tem primeru dobi\u0161 certifikat takoj.<\/span><\/p>\t\t\t\t\t\t<\/div>\n\t\t\t\t<\/div>\n\t\t\t\t<div class=\"elementor-element elementor-element-842142e elementor-widget-divider--view-line elementor-widget elementor-widget-divider\" data-id=\"842142e\" data-element_type=\"widget\" data-widget_type=\"divider.default\">\n\t\t\t\t<div class=\"elementor-widget-container\">\n\t\t\t\t\t<div class=\"elementor-divider\">\n\t\t\t<span class=\"elementor-divider-separator\">\n\t\t\t\t\t\t<\/span>\n\t\t<\/div>\n\t\t\t\t<\/div>\n\t\t\t\t<\/div>\n\t\t\t\t<div class=\"elementor-element elementor-element-fc61216 elementor-widget elementor-widget-heading\" data-id=\"fc61216\" data-element_type=\"widget\" data-widget_type=\"heading.default\">\n\t\t\t\t<div class=\"elementor-widget-container\">\n\t\t\t<h2 class=\"elementor-heading-title elementor-size-default\"><b><span style=\"font-size:11.0pt;line-height:107%;font-family:&quot;Aptos&quot;,sans-serif;mso-ascii-theme-font:minor-latin;mso-fareast-font-family:Aptos;mso-fareast-theme-font:minor-latin;mso-hansi-theme-font:minor-latin;mso-bidi-font-family:&quot;Times New Roman&quot;;mso-bidi-theme-font:minor-bidi;mso-ansi-language:#2000;mso-fareast-language:EN-US;mso-bidi-language:AR-SA\">Ali posvajam pravega konja in je ta potem moja last in odgovornost ? Zakaj je posvojitev simboli\u010dna?<\/span><\/b><\/h2>\t\t<\/div>\n\t\t\t\t<\/div>\n\t\t\t\t<div class=\"elementor-element elementor-element-9169100 elementor-widget elementor-widget-text-editor\" data-id=\"9169100\" data-element_type=\"widget\" data-widget_type=\"text-editor.default\">\n\t\t\t\t<div class=\"elementor-widget-container\">\n\t\t\t\t\t\t\t<p>Na\u00a0simboli\u010den na\u010din posvoji\u0161 izbranega lipicanca, podari\u0161 nekaj, kar navdihuje\u00a0druge in pomaga za\u0161\u010dititi na\u0161 \u017eivi svet. Tvoja donacija je namenjena ohranjanju\u00a0plemenskih kobil in potencialnih mladih \u017eivalih v na\u0161i skrbi, za bodo\u010de rodove\u00a0in prihodnost, pri ohranjanju narave na lokalni in globalni ravni.\u00a0<\/p>\t\t\t\t\t\t<\/div>\n\t\t\t\t<\/div>\n\t\t\t\t<div class=\"elementor-element elementor-element-500b02e elementor-widget-divider--view-line elementor-widget elementor-widget-divider\" data-id=\"500b02e\" data-element_type=\"widget\" data-widget_type=\"divider.default\">\n\t\t\t\t<div class=\"elementor-widget-container\">\n\t\t\t\t\t<div class=\"elementor-divider\">\n\t\t\t<span class=\"elementor-divider-separator\">\n\t\t\t\t\t\t<\/span>\n\t\t<\/div>\n\t\t\t\t<\/div>\n\t\t\t\t<\/div>\n\t\t\t\t<div class=\"elementor-element elementor-element-6e69109 elementor-widget elementor-widget-heading\" data-id=\"6e69109\" data-element_type=\"widget\" data-widget_type=\"heading.default\">\n\t\t\t\t<div class=\"elementor-widget-container\">\n\t\t\t<h2 class=\"elementor-heading-title elementor-size-default\"><b><span style=\"font-size:11.0pt;line-height:107%;font-family:&quot;Aptos&quot;,sans-serif;mso-ascii-theme-font:minor-latin;mso-fareast-font-family:Aptos;mso-fareast-theme-font:minor-latin;mso-hansi-theme-font:minor-latin;mso-bidi-font-family:&quot;Times New Roman&quot;;mso-bidi-theme-font:minor-bidi;mso-ansi-language:#2000;mso-fareast-language:EN-US;mso-bidi-language:AR-SA\">Enkratna ali ponavljajo\u010da se donacija? <\/span><\/b><b><span style=\"font-size:11.0pt;line-height:107%;font-family:&quot;Aptos&quot;,sans-serif;mso-ascii-theme-font:minor-latin;mso-fareast-font-family:Aptos;mso-fareast-theme-font:minor-latin;mso-hansi-theme-font:minor-latin;mso-bidi-font-family:&quot;Times New Roman&quot;;mso-bidi-theme-font:minor-bidi;mso-ansi-language:#2000;mso-fareast-language:EN-US;mso-bidi-language:AR-SA\">Ali bom prejel\/a novice o posvojenem lipicancu?<\/span><\/b><\/h2>\t\t<\/div>\n\t\t\t\t<\/div>\n\t\t\t\t<div class=\"elementor-element elementor-element-666f221 elementor-widget elementor-widget-text-editor\" data-id=\"666f221\" data-element_type=\"widget\" data-widget_type=\"text-editor.default\">\n\t\t\t\t<div class=\"elementor-widget-container\">\n\t\t\t\t\t\t\t<p><span style=\"font-size: 11.0pt; line-height: 107%; font-family: 'Aptos',sans-serif; mso-ascii-theme-font: minor-latin; mso-fareast-font-family: Aptos; mso-fareast-theme-font: minor-latin; mso-hansi-theme-font: minor-latin; mso-bidi-font-family: 'Times New Roman'; mso-bidi-theme-font: minor-bidi; mso-ansi-language: #2000; mso-fareast-language: EN-US; mso-bidi-language: AR-SA;\">Daruje\u0161 lahko samo enkrat ali pa z nakazilom dolo\u010denega zneska vsak mesec. \u010ce daruje\u0161 mese\u010dno, lahko nastavi\u0161 v svoji elektronski banki ponavljajo\u010da pla\u010dila na na\u0161 ra\u010dun.&nbsp;<\/span><span style=\"font-family: Aptos, sans-serif; font-size: 11pt;\">Od nas bo\u0161 prejemal\/a razli\u010dne novice, novice v zvezi z na\u0161im delom, dose\u017eki in akcijami, v katere se lahko vklju\u010di\u0161. Seveda pa bodo tukaj tudi novice o lipicancu, ki jih je mogo\u010de posvojiti preko na\u0161e strani.<\/span><\/p>\t\t\t\t\t\t<\/div>\n\t\t\t\t<\/div>\n\t\t\t\t<div class=\"elementor-element elementor-element-6524b76 elementor-widget-divider--view-line elementor-widget elementor-widget-divider\" data-id=\"6524b76\" data-element_type=\"widget\" data-widget_type=\"divider.default\">\n\t\t\t\t<div class=\"elementor-widget-container\">\n\t\t\t\t\t<div class=\"elementor-divider\">\n\t\t\t<span class=\"elementor-divider-separator\">\n\t\t\t\t\t\t<\/span>\n\t\t<\/div>\n\t\t\t\t<\/div>\n\t\t\t\t<\/div>\n\t\t\t\t<div class=\"elementor-element elementor-element-4a5ece0 elementor-widget elementor-widget-heading\" data-id=\"4a5ece0\" data-element_type=\"widget\" data-widget_type=\"heading.default\">\n\t\t\t\t<div class=\"elementor-widget-container\">\n\t\t\t<h2 class=\"elementor-heading-title elementor-size-default\"><b><span style=\"font-size:11.0pt;line-height:107%;font-family:&quot;Aptos&quot;,sans-serif;mso-ascii-theme-font:minor-latin;mso-fareast-font-family:Aptos;mso-fareast-theme-font:minor-latin;mso-hansi-theme-font:minor-latin;mso-bidi-font-family:&quot;Times New Roman&quot;;mso-bidi-theme-font:minor-bidi;mso-ansi-language:#2000;mso-fareast-language:EN-US;mso-bidi-language:AR-SA\">Ali lahko darujem brez kreditne kartice? <\/span><\/b><b><span style=\"font-size:11.0pt;line-height:107%;font-family:&quot;Aptos&quot;,sans-serif;mso-ascii-theme-font:minor-latin;mso-fareast-font-family:Aptos;mso-fareast-theme-font:minor-latin;mso-hansi-theme-font:minor-latin;mso-bidi-font-family:&quot;Times New Roman&quot;;mso-bidi-theme-font:minor-bidi;mso-ansi-language:#2000;mso-fareast-language:EN-US;mso-bidi-language:AR-SA\">Kako dolgo traja moja posvojitev?<\/span><\/b><\/h2>\t\t<\/div>\n\t\t\t\t<\/div>\n\t\t\t\t<div class=\"elementor-element elementor-element-da9d3e7 elementor-widget elementor-widget-text-editor\" data-id=\"da9d3e7\" data-element_type=\"widget\" data-widget_type=\"text-editor.default\">\n\t\t\t\t<div class=\"elementor-widget-container\">\n\t\t\t\t\t\t\t<p>Donacijo lahko opravi\u0161 tudi preko ban\u010dnega ra\u010duna:<\/p><p>Jana Ja\u0161ovi\u010d Memon &#8211; nosilka dopolnilne dejavnosti na kmetiji<br \/>Pre\u0161nica 46,<br \/>6240 Kozina,<br \/>Slovenija<\/p><p>IBAN: SI56 1900 0000 0547 184<br \/>SWIFT: SZKBSI2X<\/p><p>Ko to stori\u0161, nam po\u0161lji potrdilo o pla\u010dilu na info@jjlipizzans.com, mi pa ti bomo poslali potrdilo o posvojitvi. V primeru, da posvaja\u0161 \u017eival za darilo tebi dragi osebi, nam po\u0161lji elektronski naslov prejemnika, ime in priimek ter tvoje osebno sporo\u010dilo.\u00a0\u010ce daruje\u0161 enkrat, je to to. Ob\u010dasno te bomo kontaktirali in povpra\u0161ali, ali \u017eeli\u0161 postati na\u0161 mese\u010dni darovalec\/ka. In \u010de se takoj odlo\u010di\u0161, da bo\u0161 mese\u010dno podprl\/a delo na\u0161e kmetije. Sam\/a se odlo\u010di\u0161, koliko \u010dasa bo trajalo.<\/p>\t\t\t\t\t\t<\/div>\n\t\t\t\t<\/div>\n\t\t\t\t<div class=\"elementor-element elementor-element-5980117 elementor-widget-divider--view-line elementor-widget elementor-widget-divider\" data-id=\"5980117\" data-element_type=\"widget\" data-widget_type=\"divider.default\">\n\t\t\t\t<div class=\"elementor-widget-container\">\n\t\t\t\t\t<div class=\"elementor-divider\">\n\t\t\t<span class=\"elementor-divider-separator\">\n\t\t\t\t\t\t<\/span>\n\t\t<\/div>\n\t\t\t\t<\/div>\n\t\t\t\t<\/div>\n\t\t\t\t<div class=\"elementor-element elementor-element-48f7f67 elementor-widget elementor-widget-heading\" data-id=\"48f7f67\" data-element_type=\"widget\" data-widget_type=\"heading.default\">\n\t\t\t\t<div class=\"elementor-widget-container\">\n\t\t\t<h2 class=\"elementor-heading-title elementor-size-default\"><b><span style=\"font-size:11.0pt;line-height:107%;font-family:&quot;Aptos&quot;,sans-serif;mso-ascii-theme-font:minor-latin;mso-fareast-font-family:Aptos;mso-fareast-theme-font:minor-latin;mso-hansi-theme-font:minor-latin;mso-bidi-font-family:&quot;Times New Roman&quot;;mso-bidi-theme-font:minor-bidi;mso-ansi-language:#2000;mso-fareast-language:EN-US;mso-bidi-language:AR-SA\">Ali tem, ko podprem rejo prispevam h trajnemu izkori\u0161\u010danju kobil v ta namem?<\/span><\/b><\/h2>\t\t<\/div>\n\t\t\t\t<\/div>\n\t\t\t\t<div class=\"elementor-element elementor-element-4eed5c4 elementor-widget elementor-widget-text-editor\" data-id=\"4eed5c4\" data-element_type=\"widget\" data-widget_type=\"text-editor.default\">\n\t\t\t\t<div class=\"elementor-widget-container\">\n\t\t\t\t\t\t\t<p><span style=\"font-size: 11.0pt; line-height: 107%; font-family: 'Aptos',sans-serif; mso-ascii-theme-font: minor-latin; mso-fareast-font-family: Aptos; mso-fareast-theme-font: minor-latin; mso-hansi-theme-font: minor-latin; mso-bidi-font-family: 'Times New Roman'; mso-bidi-theme-font: minor-bidi; mso-ansi-language: #2000; mso-fareast-language: EN-US; mso-bidi-language: AR-SA;\">Zavedamo se, da je vsaka brejost tudi za kobile obremenitev. Ob res kvalitetni krmi in skrbi za kobile, se dr\u017eimo politike dveh \u017erebet in tretjega prostegega leta pri vsaki plemenaski kobili. Leto, ko je kobila brez \u017erebeta ob nogi, pre\u017eivi prosto leto na prostranih pa\u0161nikih v \u010dredi, na planini, kjer ob mo\u010dni planiski pa\u0161i in obilici gibanja, nabere mo\u010di za naslednje \u017erebe. Plemenska \u010dreda je pod stalnim veterinarskim nadzorom, saj je njihovo dobro po\u010dutje izrednega pomena za njihovo in na\u0161o prihodnost.\u00a0<\/span><\/p>\t\t\t\t\t\t<\/div>\n\t\t\t\t<\/div>\n\t\t\t\t<div class=\"elementor-element elementor-element-1a0ed2d elementor-widget-divider--view-line elementor-widget elementor-widget-divider\" data-id=\"1a0ed2d\" data-element_type=\"widget\" data-widget_type=\"divider.default\">\n\t\t\t\t<div class=\"elementor-widget-container\">\n\t\t\t\t\t<div class=\"elementor-divider\">\n\t\t\t<span class=\"elementor-divider-separator\">\n\t\t\t\t\t\t<\/span>\n\t\t<\/div>\n\t\t\t\t<\/div>\n\t\t\t\t<\/div>\n\t\t\t\t<div class=\"elementor-element elementor-element-44b34dd elementor-widget elementor-widget-heading\" data-id=\"44b34dd\" data-element_type=\"widget\" data-widget_type=\"heading.default\">\n\t\t\t\t<div class=\"elementor-widget-container\">\n\t\t\t<h2 class=\"elementor-heading-title elementor-size-default\"><b><span style=\"font-size:11.0pt;line-height:107%;font-family:&quot;Aptos&quot;,sans-serif;mso-ascii-theme-font:minor-latin;mso-fareast-font-family:Aptos;mso-fareast-theme-font:minor-latin;mso-hansi-theme-font:minor-latin;mso-bidi-font-family:&quot;Times New Roman&quot;;mso-bidi-theme-font:minor-bidi;mso-ansi-language:#2000;mso-fareast-language:EN-US;mso-bidi-language:AR-SA\">Kak\u0161na je politika vra\u010dila donacije?<\/span><\/b><\/h2>\t\t<\/div>\n\t\t\t\t<\/div>\n\t\t\t\t<div class=\"elementor-element elementor-element-5796e7c elementor-widget elementor-widget-text-editor\" data-id=\"5796e7c\" data-element_type=\"widget\" data-widget_type=\"text-editor.default\">\n\t\t\t\t<div class=\"elementor-widget-container\">\n\t\t\t\t\t\t\t<p><span style=\"font-size: 11.0pt; line-height: 107%; font-family: 'Aptos',sans-serif; mso-ascii-theme-font: minor-latin; mso-fareast-font-family: Aptos; mso-fareast-theme-font: minor-latin; mso-hansi-theme-font: minor-latin; mso-bidi-font-family: 'Times New Roman'; mso-bidi-theme-font: minor-bidi; mso-ansi-language: #2000; mso-fareast-language: EN-US; mso-bidi-language: AR-SA;\">Vra\u010dilo donacij ni pogosta zahteva. Vendar se zavedamo, da se lahko v nekaterih primerih zgodi zahteva po vra\u010dilo donacije, kot v primeru dvojnega nakazila. Praksa je, da donatorjem pristopamo z empatijo in razumevanjem ter razvijamo trajne in zanesljive odnose. \u010ce potrebuje\u0161 informacije o svoji donaciji, nam po\u0161lji e-po\u0161to na <a href=\"mailto:info@jjlipizzans.com\">info@jjlipizzans.com<\/a> \u00a0in na\u0161li bomo re\u0161itev zapleta.<\/span><\/p>\t\t\t\t\t\t<\/div>\n\t\t\t\t<\/div>\n\t\t\t\t\t<\/div>\n\t\t<\/div>\n\t\t\t\t\t\t\t<\/div>\n\t\t<\/section>\n\t\t\t\t\t\t\t<\/div>","protected":false},"excerpt":{"rendered":"<p>FAQ Posvoji lipicanca Posvaja\u0161 lipicanca in te zanima tudi to? \u00a0 Kako izgleda Certifikat o posvojitvi? Certifikat o posvojitvi\u00a0lahko dopolni\u0161 z lastnim imenom, nameni\u0161 ga lahko sebi ali pa komu drugemu. \u00a0 Kako se porabi denar za posvojitev? Narava na na\u0161em planetu hitro izginja, denar od posvojitve pa nam pomaga za\u0161\u010dititi nekatere na\u0161e rastlinske vrste [&hellip;]<\/p>","protected":false},"author":1,"featured_media":0,"parent":0,"menu_order":0,"comment_status":"closed","ping_status":"closed","template":"","meta":{"_seopress_robots_primary_cat":""},"_links":{"self":[{"href":"https:\/\/www.jjlipizzans.com\/en\/wp-json\/wp\/v2\/pages\/32309"}],"collection":[{"href":"https:\/\/www.jjlipizzans.com\/en\/wp-json\/wp\/v2\/pages"}],"about":[{"href":"https:\/\/www.jjlipizzans.com\/en\/wp-json\/wp\/v2\/types\/page"}],"author":[{"embeddable":true,"href":"https:\/\/www.jjlipizzans.com\/en\/wp-json\/wp\/v2\/users\/1"}],"replies":[{"embeddable":true,"href":"https:\/\/www.jjlipizzans.com\/en\/wp-json\/wp\/v2\/comments?post=32309"}],"version-history":[{"count":0,"href":"https:\/\/www.jjlipizzans.com\/en\/wp-json\/wp\/v2\/pages\/32309\/revisions"}],"wp:attachment":[{"href":"https:\/\/www.jjlipizzans.com\/en\/wp-json\/wp\/v2\/media?parent=32309"}],"curies":[{"name":"wp","href":"https:\/\/api.w.org\/{rel}","templated":true}]}}