{"id":32327,"date":"2025-11-19T15:58:13","date_gmt":"2025-11-19T15:58:13","guid":{"rendered":"https:\/\/www.jjlipizzans.com\/faq-copy\/"},"modified":"2025-11-20T14:18:06","modified_gmt":"2025-11-20T14:18:06","slug":"kako-posvojim-konja","status":"publish","type":"page","link":"https:\/\/www.jjlipizzans.com\/en\/kako-posvojim-konja\/","title":{"rendered":"How does it work"},"content":{"rendered":"<div data-elementor-type=\"wp-page\" data-elementor-id=\"32327\" class=\"elementor elementor-32327\">\n\t\t\t\t\t\t\t\t\t<section class=\"elementor-section elementor-top-section elementor-element elementor-element-abf7ff3 elementor-section-height-min-height elementor-section-boxed elementor-section-height-default elementor-section-items-middle\" data-id=\"abf7ff3\" data-element_type=\"section\" data-settings=\"{&quot;jet_parallax_layout_list&quot;:[]}\">\n\t\t\t\t\t\t\t<div class=\"elementor-background-overlay\"><\/div>\n\t\t\t\t\t\t\t<div class=\"elementor-container elementor-column-gap-default\">\n\t\t\t\t\t<div class=\"elementor-column elementor-col-100 elementor-top-column elementor-element elementor-element-5774bdb\" data-id=\"5774bdb\" data-element_type=\"column\">\n\t\t\t<div class=\"elementor-widget-wrap elementor-element-populated\">\n\t\t\t\t\t\t\t\t<div class=\"elementor-element elementor-element-a6051e9 elementor-widget elementor-widget-heading\" data-id=\"a6051e9\" data-element_type=\"widget\" data-widget_type=\"heading.default\">\n\t\t\t\t<div class=\"elementor-widget-container\">\n\t\t\t<h2 class=\"elementor-heading-title elementor-size-default\">HOW DOES IT WORK?<\/h2>\t\t<\/div>\n\t\t\t\t<\/div>\n\t\t\t\t\t<\/div>\n\t\t<\/div>\n\t\t\t\t\t\t\t<\/div>\n\t\t<\/section>\n\t\t\t\t<section class=\"elementor-section elementor-top-section elementor-element elementor-element-5ac663b elementor-section-boxed elementor-section-height-default elementor-section-height-default\" data-id=\"5ac663b\" data-element_type=\"section\" data-settings=\"{&quot;jet_parallax_layout_list&quot;:[]}\">\n\t\t\t\t\t\t<div class=\"elementor-container elementor-column-gap-default\">\n\t\t\t\t\t<div class=\"elementor-column elementor-col-100 elementor-top-column elementor-element elementor-element-d00026e\" data-id=\"d00026e\" data-element_type=\"column\">\n\t\t\t<div class=\"elementor-widget-wrap elementor-element-populated\">\n\t\t\t\t\t\t\t\t<div class=\"elementor-element elementor-element-b5f8b82 elementor-widget elementor-widget-text-editor\" data-id=\"b5f8b82\" data-element_type=\"widget\" data-widget_type=\"text-editor.default\">\n\t\t\t\t<div class=\"elementor-widget-container\">\n\t\t\t\t\t\t\t<p>Adopt lipizzaner<\/p>\t\t\t\t\t\t<\/div>\n\t\t\t\t<\/div>\n\t\t\t\t<div class=\"elementor-element elementor-element-17c197f elementor-widget elementor-widget-text-editor\" data-id=\"17c197f\" data-element_type=\"widget\" data-widget_type=\"text-editor.default\">\n\t\t\t\t<div class=\"elementor-widget-container\">\n\t\t\t\t\t\t\t<p class=\"MsoNormal\"><b>LIPIZZANER<\/b><br><i>Living heritage of elegance since 1580.<\/i><\/p>\n<p class=\"MsoNormal\">The Lipizzaner <a name=\"_Hlk214519945\"><\/a>is one of the oldest cultural horse breeds in the world and a proud symbol of Slovenian and European heritage. Recognisable by its noble silhouette, expressive profile, intelligent gaze, and exceptional connection with people, the Lipizzaner has been admired for centuries.<\/p>\n<p class=\"MsoNormal\">Bred for classical dressage, Lipizzaners are known for:<br>\u2022 <b>exceptional temperament<\/b> - lively yet sensible, with a strong desire to cooperate,<br>\u2022 <b>harmonious and elastic movement<\/b>,<br>\u2022 <b>strong character<\/b>combining courage, reliability, and willingness to learn,<br>\u2022 <b>long lifespan<\/b> and late maturity,<br>\u2022 <b>solid constitution<\/b> and correct conformation.<\/p>\n<p class=\"MsoNormal\">A Lipizzaner is <i>more than a horse \u2013 it is part of a story that has been written for more than 445 years<\/i>.<\/p>\n<p class=\"MsoNormal\"><b><span style=\"font-size: 12.0pt; line-height: 107%; font-family: 'Aptos Display',sans-serif; mso-ascii-theme-font: major-latin; mso-hansi-theme-font: major-latin; mso-ansi-language: #2000;\">Did you know?<\/span><\/b><\/p>\n<p class=\"MsoNormal\">Their famous white elegance is the result of tradition: almost all Lipizzaners are born dark (black or bay) and gradually turn grey. They carry the same greying gene as humans. Less than 10% of the global population remains dark (black, bay, and occasionally chestnut). But the Lipizzaner is not just a colour \u2014 it is a symbol of tradition, classical horsemanship, and respect for the horse.<\/p>\n<p class=\"MsoNormal\"><b><span style=\"font-size: 12.0pt; line-height: 107%; font-family: 'Aptos Display',sans-serif; mso-ascii-theme-font: major-latin; mso-hansi-theme-font: major-latin; mso-ansi-language: #2000;\">How does symbolic adoption work?<\/span><\/b><\/p>\n<p class=\"MsoNormal\"><b>First of all: Thank you!<\/b>&nbsp;You\u2019re choosing something different. This is not an ordinary gift\u2014 it is&nbsp;<b>a meaningful one<\/b>that helps protect the beautiful and fragile nature that surrounds us.<br>It\u2019s the perfect gift for animal lovers, heritage enthusiasts, environmental supporters, or simply people with a big heart.<\/p>\n<p class=\"MsoNormal\">Adopt an animal in a few simple steps:<\/p>\n<p class=\"MsoNormal\" style=\"text-indent: -17.85pt; line-height: normal; mso-list: l0 level1 lfo1; tab-stops: list 36.0pt; margin: 0cm 0cm 0cm 35.7pt;\"><!-- [if !supportLists]-->1.<span style=\"font: 7.0pt 'Times New Roman';\">&nbsp;&nbsp;&nbsp;&nbsp;&nbsp;&nbsp;&nbsp; <\/span><!--[endif]-->By purchasing a bookmark and scanning the QR code, you adopt a Lipizzaner.\nYou can also make a payment directly to our bank account to receive this special gift.<\/p>\n<p class=\"MsoNormal\" style=\"text-indent: -17.85pt; line-height: normal; mso-list: l0 level1 lfo1; tab-stops: list 36.0pt; margin: 0cm 0cm 0cm 35.7pt;\"><!-- [if !supportLists]-->2.<span style=\"font: 7.0pt 'Times New Roman';\">&nbsp; &nbsp; &nbsp; &nbsp;<\/span><!--[endif]--><b>The certificate<\/b> is made out in the name of the adopter.<\/p>\n<p class=\"MsoNormal\" style=\"text-indent: -17.85pt; line-height: normal; mso-list: l0 level1 lfo1; tab-stops: list 36.0pt; margin: 0cm 0cm 0cm 35.7pt;\"><!-- [if !supportLists]-->3.<span style=\"font: 7.0pt 'Times New Roman';\"> &nbsp;&nbsp;&nbsp;&nbsp;&nbsp;&nbsp;<\/span>Fill in&nbsp;<b>the required information<\/b>&nbsp;(you can even choose the day and time when the recipient receives the gift).<\/p>\n<p class=\"MsoNormal\" style=\"text-indent: -17.85pt; line-height: normal; mso-list: l0 level1 lfo1; tab-stops: list 36.0pt; margin: 0cm 0cm 0cm 35.7pt;\"><!-- [if !supportLists]-->4.<span style=\"font: 7.0pt 'Times New Roman';\">&nbsp; &nbsp; &nbsp; <\/span>Send the personalised gift easily <b>by email.<\/b><\/p>\n<p class=\"MsoNormal\" style=\"text-indent: -17.85pt; line-height: normal; mso-list: l0 level1 lfo1; tab-stops: list 36.0pt; margin: 0cm 0cm 0cm 35.7pt;\"><!-- [if !supportLists]-->5.<span style=\"font: 7.0pt 'Times New Roman';\"> &nbsp;&nbsp;&nbsp;&nbsp; <\/span><b>Enjoy<\/b>&nbsp;giving something truly unique.<\/p>\n<p class=\"MsoNormal\"><b>Need a last-minute gift?<\/b>&nbsp;<\/p>\n<p class=\"MsoNormal\"><em><strong>This is the perfect solution!&nbsp;<\/strong><\/em> You can send a personalised certificate immediately, and we will keep you informed about how your support helps our work.<\/p>\n<p class=\"MsoNormal\"><b>Safety:<\/b>&nbsp;The donation process is completely secure \u2014 all personal and financial data are protected.<\/p>\n<p class=\"MsoNormal\">Questions? Find answers in our<u><a href=\"https:\/\/www.jjlipizzans.com\/en\/faq\/\" target=\"_blank\">&nbsp;Frequently Asked Questions<\/a>.<\/u><\/p>\t\t\t\t\t\t<\/div>\n\t\t\t\t<\/div>\n\t\t\t\t<div class=\"elementor-element elementor-element-2d04d58 elementor-widget-divider--view-line elementor-widget elementor-widget-divider\" data-id=\"2d04d58\" data-element_type=\"widget\" data-widget_type=\"divider.default\">\n\t\t\t\t<div class=\"elementor-widget-container\">\n\t\t\t\t\t<div class=\"elementor-divider\">\n\t\t\t<span class=\"elementor-divider-separator\">\n\t\t\t\t\t\t<\/span>\n\t\t<\/div>\n\t\t\t\t<\/div>\n\t\t\t\t<\/div>\n\t\t\t\t\t<\/div>\n\t\t<\/div>\n\t\t\t\t\t\t\t<\/div>\n\t\t<\/section>\n\t\t\t\t\t\t\t<\/div>","protected":false},"excerpt":{"rendered":"<p>KAKO POSVOJIM KONJA? Posvoji lipicanca LIPICANEC\u017diva dedi\u0161\u010dina elegance od leta 1580. Lipicanec je ena najstarej\u0161ih kulturnih pasem konj na svetu in ponos slovenske ter evropske dedi\u0161\u010dine. Prepoznaven je po svoji plemeniti silhueti, izrazitem profilu, inteligentnem pogledu in izjemni povezljivosti z ljudmi. Vzrejeni za klasi\u010dno dresuro so Lipicanci znani po:\u2022 izjemnem temperamentu \u2013 \u017eivahni, a razsodni, [&hellip;]<\/p>","protected":false},"author":1,"featured_media":0,"parent":0,"menu_order":0,"comment_status":"closed","ping_status":"closed","template":"","meta":{"_seopress_robots_primary_cat":""},"_links":{"self":[{"href":"https:\/\/www.jjlipizzans.com\/en\/wp-json\/wp\/v2\/pages\/32327"}],"collection":[{"href":"https:\/\/www.jjlipizzans.com\/en\/wp-json\/wp\/v2\/pages"}],"about":[{"href":"https:\/\/www.jjlipizzans.com\/en\/wp-json\/wp\/v2\/types\/page"}],"author":[{"embeddable":true,"href":"https:\/\/www.jjlipizzans.com\/en\/wp-json\/wp\/v2\/users\/1"}],"replies":[{"embeddable":true,"href":"https:\/\/www.jjlipizzans.com\/en\/wp-json\/wp\/v2\/comments?post=32327"}],"version-history":[{"count":0,"href":"https:\/\/www.jjlipizzans.com\/en\/wp-json\/wp\/v2\/pages\/32327\/revisions"}],"wp:attachment":[{"href":"https:\/\/www.jjlipizzans.com\/en\/wp-json\/wp\/v2\/media?parent=32327"}],"curies":[{"name":"wp","href":"https:\/\/api.w.org\/{rel}","templated":true}]}}