{"id":31172,"date":"2023-02-19T15:08:33","date_gmt":"2023-02-19T15:08:33","guid":{"rendered":"https:\/\/www.ivh10.si\/Ponudbe\/konji\/?post_type=product&#038;p=31172"},"modified":"2023-02-23T10:59:04","modified_gmt":"2023-02-23T10:59:04","slug":"37-maestoso-neretva-xvi","status":"publish","type":"product","link":"https:\/\/www.jjlipizzans.com\/en\/trgovina\/ostali-plemenjaki\/37-maestoso-neretva-xvi\/","title":{"rendered":"37 MAESTOSO NERETVA XVI"},"content":{"rendered":"<p>Maestoso is a stallion with a classical breeding type and elastic gaits. He is an offspring of the World famous sire 206 Maestoso X Mahonia<a title=\"206 Maestoso X Mahonia\" href=\"https:\/\/www.facebook.com\/photo.php?fbid=10203522633730702&amp;set=gm.387476661434393&amp;type=1&amp;theater\" target=\"_blank\" rel=\"noopener noreferrer\">\u00a0<\/a>(T). He comes from the Serbian Stud farm Kelebija. Neretva has a good-natured character, which he also passes on to his offspring. He is known by good results in carriage driving sports. In Slovenia he was used for breeding between seasons 2009 and 2019.<\/p>\n<p>In 2006, he was presented before an international breeding comission of judges with evaluation:<\/p>\n<p><em>International jury:<\/em><\/p>\n<p><em>1.\u00a0<strong>ANDOR DALLOS<\/strong>\u00a0\u2013 director of \u2018Szilvasvarad\u2019 in Hungary , international judge<\/em><\/p>\n<p><em>2.\u00a0<strong>FRIEDRICH SCHWARZINGER<\/strong>\u00a0\u2013 from Austria, international judge<\/em><\/p>\n<p><em>3.\u00a0<strong>JUTTA VISNER in THADDAUS STRASNER \u2013\u00a0<\/strong><\/em>Germany<\/p>\n<p><em>4.\u00a0<strong>dr. MIROLJUB MILIC<\/strong>\u00a0, form Serbia, member of the Association of Lipizzan Horse Breeders<\/em><\/p>\n<p>5.\u00a0<em><strong>dr. STANISLAV JAST\u0160ENJSI<\/strong>\u00a0, form Serbia, member of the Association of Lipizzan Horse Breeders<\/em><br \/>\nTraining: one- and two - in -hand carriage driving, A dressage under saddle. Maestoso Neretva arrived in Slovenia in 2009, he is subscribed into\u00a0<em>Stallion book I<\/em>\u00a0and has\u00a0<em>a lifetime breeding license<\/em>.<\/p>\n<p>Offspring:<\/p>\n<ul>\n<li>751 Slavina VIII, 02.04.2010, sold to UK<\/li>\n<li>757 Maestoso Trofetta, 02.04.2010<\/li>\n<li>764 Lipica XVII, born: 17.04.2010<\/li>\n<li>765 Thais VI, 13.06.2010<\/li>\n<li>777 Maestoso Monteaura XXV, 15.06.2010<\/li>\n<li>795 Monteaura XXVI, 27.07.2011<\/li>\n<li>796 Maestoso Lipica XII, 14.03.2011<\/li>\n<li>799 Maestoso Trofetta VI, 21.06.2011, sold in Austria<\/li>\n<li>800 Maestoso Trofeta , 05.04.2011<\/li>\n<li>806 Maestoso Thais XLVIII, 22.05.2011<\/li>\n<li>808 Maestoso Andalusia P, 28.05.2011, sold in Swiss<\/li>\n<li>809 Maestoso Betalka XXIX, 16.05.2011, sold in Slovenia<\/li>\n<li>841 Maestoso Betalka XXXIX, 05.06.2012, sold in the Netherland<\/li>\n<li>853 Maestoso Betalka XXVII, 15.05.2012, sold in Austria<\/li>\n<li>869 Monteaura XXXI, 12.04.2012<\/li>\n<li>889 Maestoso Monteaura XXV, 05.09.2012<\/li>\n<li>865 Allegra XXX, 25.03.2013<\/li>\n<li>981 Maestoso Famosa VI, 24.04.2015<\/li>\n<li>018 Betalka XXV, 17.02.2016, sold in Germany<\/li>\n<li>006 Maestoso Famosa VI, 25.03.2016<\/li>\n<li>026 Maestoso Capriola IX, 22.04.2016<\/li>\n<li>016 Thais XIX, 07.05.20016<\/li>\n<li>062 Trofetta VI, 07.03.2017, dec<\/li>\n<li>063 Maestoso Betalka XXIX, 15.03.2017, prodan v Nizozemsko<\/li>\n<li>065 Maestoso Trompeta XLVI, 20.04.2017, sold in UK<\/li>\n<li>059 Maestoso Monteaura XXIX, 07.05.2017<\/li>\n<li>115 Slava IV, 2018, sold in Austria<\/li>\n<li>195 Samira XII, roj: 2020<\/li>\n<li>254 Maestoso Trompeta XLVI, roj: 2021<\/li>\n<li>260 Maestoso Samira XXVII, roj: 2021<\/li>\n<li>261 Trofetta IX, sold in Sweden<\/li>\n<\/ul>","protected":false},"excerpt":{"rendered":"<p>Maestoso je \u017erebec baro\u010dnega izgleda in elasti\u010dnih hodov. Je potomec svetovno znanega plemenjaka 206 Maestoso X Mahonia\u00a0(T). \u00a0Izhaja iz srbske kobilarne Kelebija. Ima dobrodu\u0161en karakter, ki ga dobro prena\u0161a tudi na svoje potomce. Odlikujejo ga dobri rezultati v vpre\u017enem \u0161portu. V Sloveniji je plemenil med leti 2009 -2019. Leta 2006 je bil predstavljen pred mednarodno [&hellip;]<\/p>","protected":false},"featured_media":31174,"template":"","meta":{"_seopress_robots_primary_cat":"none"},"product_cat":[287],"product_tag":[],"_links":{"self":[{"href":"https:\/\/www.jjlipizzans.com\/en\/wp-json\/wp\/v2\/product\/31172"}],"collection":[{"href":"https:\/\/www.jjlipizzans.com\/en\/wp-json\/wp\/v2\/product"}],"about":[{"href":"https:\/\/www.jjlipizzans.com\/en\/wp-json\/wp\/v2\/types\/product"}],"version-history":[{"count":0,"href":"https:\/\/www.jjlipizzans.com\/en\/wp-json\/wp\/v2\/product\/31172\/revisions"}],"wp:featuredmedia":[{"embeddable":true,"href":"https:\/\/www.jjlipizzans.com\/en\/wp-json\/wp\/v2\/media\/31174"}],"wp:attachment":[{"href":"https:\/\/www.jjlipizzans.com\/en\/wp-json\/wp\/v2\/media?parent=31172"}],"wp:term":[{"taxonomy":"product_cat","embeddable":true,"href":"https:\/\/www.jjlipizzans.com\/en\/wp-json\/wp\/v2\/product_cat?post=31172"},{"taxonomy":"product_tag","embeddable":true,"href":"https:\/\/www.jjlipizzans.com\/en\/wp-json\/wp\/v2\/product_tag?post=31172"}],"curies":[{"name":"wp","href":"https:\/\/api.w.org\/{rel}","templated":true}]}}