{"id":31176,"date":"2023-02-19T16:24:42","date_gmt":"2023-02-19T16:24:42","guid":{"rendered":"https:\/\/www.ivh10.si\/Ponudbe\/konji\/?post_type=product&#038;p=31176"},"modified":"2023-02-23T10:58:59","modified_gmt":"2023-02-23T10:58:59","slug":"209-neapolitano-monteaura-xix","status":"publish","type":"product","link":"https:\/\/www.jjlipizzans.com\/en\/trgovina\/ostali-plemenjaki\/209-neapolitano-monteaura-xix\/","title":{"rendered":"209 NEAPOLITANO MONTEAURA XIX"},"content":{"rendered":"<p>Neapolitano was a stallion of classic frame and taller type. He had an extraordinary pedigree and an easy, cooperative character. Napi was used at stud for ZRLS, Stud farm Lipica and Stud farm Lipik. He left behind more than 100 offspring. In our center he was used for breeding in the season of 2018.<\/p>\n<p><em>photos:  archive of Stud farm Lipik, Croatia<\/em><\/p>","protected":false},"excerpt":{"rendered":"<p>Neapolitano je bil \u017erebec klasi\u010dnega okvirja in vi\u0161jega tipa. Odlikoval ga je izreden rodovnik in enostaven, sodelujo\u010d karakter. Plemenil je v ZRLS-ju, Kobilarni Lipica in Kobilarni Lipik. Za seboj je pustil ve\u010d kot 100 potomcev. Pri nas je plemenil v sezoni 2018. slike: arhiv Kobilarne Lipik, Hrva\u0161ka<\/p>","protected":false},"featured_media":31178,"template":"","meta":{"_seopress_robots_primary_cat":"none"},"product_cat":[287],"product_tag":[],"_links":{"self":[{"href":"https:\/\/www.jjlipizzans.com\/en\/wp-json\/wp\/v2\/product\/31176"}],"collection":[{"href":"https:\/\/www.jjlipizzans.com\/en\/wp-json\/wp\/v2\/product"}],"about":[{"href":"https:\/\/www.jjlipizzans.com\/en\/wp-json\/wp\/v2\/types\/product"}],"version-history":[{"count":0,"href":"https:\/\/www.jjlipizzans.com\/en\/wp-json\/wp\/v2\/product\/31176\/revisions"}],"wp:featuredmedia":[{"embeddable":true,"href":"https:\/\/www.jjlipizzans.com\/en\/wp-json\/wp\/v2\/media\/31178"}],"wp:attachment":[{"href":"https:\/\/www.jjlipizzans.com\/en\/wp-json\/wp\/v2\/media?parent=31176"}],"wp:term":[{"taxonomy":"product_cat","embeddable":true,"href":"https:\/\/www.jjlipizzans.com\/en\/wp-json\/wp\/v2\/product_cat?post=31176"},{"taxonomy":"product_tag","embeddable":true,"href":"https:\/\/www.jjlipizzans.com\/en\/wp-json\/wp\/v2\/product_tag?post=31176"}],"curies":[{"name":"wp","href":"https:\/\/api.w.org\/{rel}","templated":true}]}}