{"id":29602,"date":"2023-02-14T13:40:57","date_gmt":"2023-02-14T13:40:57","guid":{"rendered":"https:\/\/www.ivh10.si\/Ponudbe\/konji\/?page_id=29602"},"modified":"2023-02-23T10:58:14","modified_gmt":"2023-02-23T10:58:14","slug":"nasa-zgodba","status":"publish","type":"page","link":"https:\/\/www.jjlipizzans.com\/sl\/nasa-zgodba\/","title":{"rendered":"Na\u0161a zgodba"},"content":{"rendered":"\t\t<div data-elementor-type=\"wp-page\" data-elementor-id=\"29602\" class=\"elementor elementor-29602\">\n\t\t\t\t\t\t\t\t\t<section class=\"elementor-section elementor-top-section elementor-element elementor-element-abf7ff3 elementor-section-height-min-height elementor-section-boxed elementor-section-height-default elementor-section-items-middle\" data-id=\"abf7ff3\" data-element_type=\"section\" data-settings=\"{&quot;jet_parallax_layout_list&quot;:[],&quot;background_background&quot;:&quot;gradient&quot;}\">\n\t\t\t\t\t\t<div class=\"elementor-container elementor-column-gap-default\">\n\t\t\t\t\t<div class=\"elementor-column elementor-col-100 elementor-top-column elementor-element elementor-element-5774bdb\" data-id=\"5774bdb\" data-element_type=\"column\">\n\t\t\t<div class=\"elementor-widget-wrap elementor-element-populated\">\n\t\t\t\t\t\t\t\t<div class=\"elementor-element elementor-element-a6051e9 elementor-widget elementor-widget-heading\" data-id=\"a6051e9\" data-element_type=\"widget\" data-widget_type=\"heading.default\">\n\t\t\t\t<div class=\"elementor-widget-container\">\n\t\t\t<h2 class=\"elementor-heading-title elementor-size-default\">Na\u0161a zgodba<\/h2>\t\t<\/div>\n\t\t\t\t<\/div>\n\t\t\t\t\t<\/div>\n\t\t<\/div>\n\t\t\t\t\t\t\t<\/div>\n\t\t<\/section>\n\t\t\t\t<section class=\"elementor-section elementor-top-section elementor-element elementor-element-5ac663b elementor-section-height-min-height elementor-section-boxed elementor-section-height-default elementor-section-items-middle\" data-id=\"5ac663b\" data-element_type=\"section\" data-settings=\"{&quot;jet_parallax_layout_list&quot;:[]}\">\n\t\t\t\t\t\t<div class=\"elementor-container elementor-column-gap-default\">\n\t\t\t\t\t<div class=\"elementor-column elementor-col-50 elementor-top-column elementor-element elementor-element-d00026e\" data-id=\"d00026e\" data-element_type=\"column\">\n\t\t\t<div class=\"elementor-widget-wrap elementor-element-populated\">\n\t\t\t\t\t\t\t\t<div class=\"elementor-element elementor-element-6900f6d elementor-widget elementor-widget-heading\" data-id=\"6900f6d\" data-element_type=\"widget\" data-widget_type=\"heading.default\">\n\t\t\t\t<div class=\"elementor-widget-container\">\n\t\t\t<h2 class=\"elementor-heading-title elementor-size-default\">Predstavitev<\/h2>\t\t<\/div>\n\t\t\t\t<\/div>\n\t\t\t\t<div class=\"elementor-element elementor-element-17c197f elementor-widget elementor-widget-text-editor\" data-id=\"17c197f\" data-element_type=\"widget\" data-widget_type=\"text-editor.default\">\n\t\t\t\t<div class=\"elementor-widget-container\">\n\t\t\t\t\t\t\t<p>Na\u0161 center se nahaja v vasi Pre\u0161nica, pod Slavnikom, kjer se stikata kra\u0161ki svet in Brkini. Organizirani smo kot dru\u017einska ekolo\u0161ka kmetija in zagotavljamo visoke standarde prehrane in bivanja konj. Ukvarjamo se z rejo avtohnote pasme \u2013 LIPICANEC. V delo sva vpeta s soprogom, zadnje dve leti nama pomagajo tudi pridne roke najine h\u010derke Natalije in ne\u010dakinje Julije.\u00a0<\/p>\t\t\t\t\t\t<\/div>\n\t\t\t\t<\/div>\n\t\t\t\t<div class=\"elementor-element elementor-element-37b714b elementor-widget elementor-widget-jet-view-more\" data-id=\"37b714b\" data-element_type=\"widget\" data-widget_type=\"jet-view-more.default\">\n\t\t\t\t<div class=\"elementor-widget-container\">\n\t\t\t<div class=\"jet-view-more\" data-settings=\"{&quot;effect&quot;:&quot;fall-perspective&quot;,&quot;sections&quot;:{&quot;a2ee5ad&quot;:&quot;section_1&quot;},&quot;showall&quot;:true}\"><div class=\"jet-view-more__button\" role=\"button\" tabindex=\"0\"><div class=\"jet-view-more__icon jet-tricks-icon\"><i aria-hidden=\"true\" class=\"fas fa-arrow-circle-right\"><\/i><\/div><div class=\"jet-view-more__label\">Preberi ve\u010d<\/div><\/div><\/div>\t\t<\/div>\n\t\t\t\t<\/div>\n\t\t\t\t<section class=\"jet-view-more-section elementor-section elementor-inner-section elementor-element elementor-element-374edce elementor-section-boxed elementor-section-height-default elementor-section-height-default\" data-id=\"374edce\" data-element_type=\"section\" id=\"section_1\" data-settings=\"{&quot;jet_parallax_layout_list&quot;:[]}\">\n\t\t\t\t\t\t<div class=\"elementor-container elementor-column-gap-default\">\n\t\t\t\t\t<div class=\"elementor-column elementor-col-100 elementor-inner-column elementor-element elementor-element-120a942\" data-id=\"120a942\" data-element_type=\"column\">\n\t\t\t<div class=\"elementor-widget-wrap elementor-element-populated\">\n\t\t\t\t\t\t\t\t<div class=\"elementor-element elementor-element-2eea6c1 elementor-widget elementor-widget-text-editor\" data-id=\"2eea6c1\" data-element_type=\"widget\" data-widget_type=\"text-editor.default\">\n\t\t\t\t<div class=\"elementor-widget-container\">\n\t\t\t\t\t\t\t<p>Z resnej\u0161im jahanjem sem se za\u010dela ukvarjati pri 12 letih, takrat na Hipodromu Sto\u017eice, pod budno taktirko Mojce Koren. Pred leti sem opravili izobra\u017eevanje na Kmetijski \u0161oli Grm v Novem mestu \u2013 Svetovalec za konjeni\u0161tvo in konjerejo. Naziv mi je omogo\u010dil registracijo kmetije in zaposlitev doma. Mo\u017e Marko je zaposlen v Kobilarni Lipica kot voznik vprege, hkrati tudi in\u0161truktor jahanja pri Konjeni\u0161ki zvezi Slovenije. Skozi svoje delo in leta nabira izku\u0161nje tudi v mednarodnih tekmovanjih.Smo \u010dlani Zdru\u017eenja rejcev lipicanca Slovenije (ZRLS) in tako na dr\u017eavni ravni povezani v organizirano rejo pasme. Rejski program in selekcija nam dajeta smernice, ki nam omogo\u010dajo izbolj\u0161evanje kakovosti in razvoj \u010drede. Na\u0161 hlev je hkrati tudi registrirana pripustna postaja. V sodelovanju med Zdru\u017eenjem rejcev lipicanca Slovenije in Kobilarno Lipica, letno najemamo tudi plemenskega \u017erebca. Tak\u0161na podpora in sodelovanje nam omogo\u010data genetsko raznovrstnost in razvoj \u010drede.<\/p>\t\t\t\t\t\t<\/div>\n\t\t\t\t<\/div>\n\t\t\t\t\t<\/div>\n\t\t<\/div>\n\t\t\t\t\t\t\t<\/div>\n\t\t<\/section>\n\t\t\t\t\t<\/div>\n\t\t<\/div>\n\t\t\t\t<div class=\"elementor-column elementor-col-50 elementor-top-column elementor-element elementor-element-88fcbce\" data-id=\"88fcbce\" data-element_type=\"column\" data-settings=\"{&quot;background_background&quot;:&quot;classic&quot;}\">\n\t\t\t<div class=\"elementor-widget-wrap elementor-element-populated\">\n\t\t\t\t\t\t\t\t<div class=\"elementor-element elementor-element-cf0bb88 elementor-widget elementor-widget-spacer\" data-id=\"cf0bb88\" data-element_type=\"widget\" data-widget_type=\"spacer.default\">\n\t\t\t\t<div class=\"elementor-widget-container\">\n\t\t\t\t\t<div class=\"elementor-spacer\">\n\t\t\t<div class=\"elementor-spacer-inner\"><\/div>\n\t\t<\/div>\n\t\t\t\t<\/div>\n\t\t\t\t<\/div>\n\t\t\t\t\t<\/div>\n\t\t<\/div>\n\t\t\t\t\t\t\t<\/div>\n\t\t<\/section>\n\t\t\t\t<section class=\"elementor-section elementor-top-section elementor-element elementor-element-d05e0b5 elementor-section-height-min-height elementor-reverse-tablet elementor-reverse-mobile elementor-section-boxed elementor-section-height-default elementor-section-items-middle\" data-id=\"d05e0b5\" data-element_type=\"section\" data-settings=\"{&quot;jet_parallax_layout_list&quot;:[],&quot;background_background&quot;:&quot;gradient&quot;}\">\n\t\t\t\t\t\t<div class=\"elementor-container elementor-column-gap-default\">\n\t\t\t\t\t<div class=\"elementor-column elementor-col-50 elementor-top-column elementor-element elementor-element-d8d656f\" data-id=\"d8d656f\" data-element_type=\"column\">\n\t\t\t<div class=\"elementor-widget-wrap elementor-element-populated\">\n\t\t\t\t\t\t\t\t<div class=\"elementor-element elementor-element-b8bebf0 elementor-widget elementor-widget-heading\" data-id=\"b8bebf0\" data-element_type=\"widget\" data-widget_type=\"heading.default\">\n\t\t\t\t<div class=\"elementor-widget-container\">\n\t\t\t<h2 class=\"elementor-heading-title elementor-size-default\">Svoboda \u010drede,..<\/h2>\t\t<\/div>\n\t\t\t\t<\/div>\n\t\t\t\t<div class=\"elementor-element elementor-element-62b7c66 elementor-widget elementor-widget-text-editor\" data-id=\"62b7c66\" data-element_type=\"widget\" data-widget_type=\"text-editor.default\">\n\t\t\t\t<div class=\"elementor-widget-container\">\n\t\t\t\t\t\t\t<p>Ve\u010dji del pa\u0161nikov centra se nahaja na kra\u0161ko-vi\u0161inskih povr\u0161inah, kar predstavlja izvorni habitat lipicanca. Konji odra\u0161\u010dajo na ve\u010d kot 100 hektarjih pa\u0161nih povr\u0161in. \u010creda se v zimskem \u010dasu nahaja v Pre\u0161nici ob poteh proti \u010crnoti\u010dem, ki so v zadnjih letih postale privla\u010dna destinacija za doma\u010dine in turiste. V poletnm \u010dasu je del \u010drede mo\u010d opaziti na pa\u0161nikih Slavnika, natan\u010dneje na Planini Jegno.<\/p>\t\t\t\t\t\t<\/div>\n\t\t\t\t<\/div>\n\t\t\t\t<div class=\"elementor-element elementor-element-29481f4 elementor-widget__width-auto elementor-align-left elementor-widget elementor-widget-button\" data-id=\"29481f4\" data-element_type=\"widget\" data-widget_type=\"button.default\">\n\t\t\t\t<div class=\"elementor-widget-container\">\n\t\t\t\t\t<div class=\"elementor-button-wrapper\">\n\t\t\t<a href=\"https:\/\/www.jjlipizzans.com\/contact\/\" class=\"elementor-button-link elementor-button elementor-size-sm\" role=\"button\">\n\t\t\t\t\t\t<span class=\"elementor-button-content-wrapper\">\n\t\t\t\t\t\t<span class=\"elementor-button-text\">Pridi na obisk<\/span>\n\t\t<\/span>\n\t\t\t\t\t<\/a>\n\t\t<\/div>\n\t\t\t\t<\/div>\n\t\t\t\t<\/div>\n\t\t\t\t<div class=\"elementor-element elementor-element-495413b elementor-widget__width-auto elementor-align-left elementor-widget elementor-widget-button\" data-id=\"495413b\" data-element_type=\"widget\" data-widget_type=\"button.default\">\n\t\t\t\t<div class=\"elementor-widget-container\">\n\t\t\t\t\t<div class=\"elementor-button-wrapper\">\n\t\t\t<a href=\"https:\/\/www.jjlipizzans.com\/plemenska-creda\/\" class=\"elementor-button-link elementor-button elementor-size-sm\" role=\"button\">\n\t\t\t\t\t\t<span class=\"elementor-button-content-wrapper\">\n\t\t\t\t\t\t<span class=\"elementor-button-text\">Preglej \u010dredo<\/span>\n\t\t<\/span>\n\t\t\t\t\t<\/a>\n\t\t<\/div>\n\t\t\t\t<\/div>\n\t\t\t\t<\/div>\n\t\t\t\t\t<\/div>\n\t\t<\/div>\n\t\t\t\t<div class=\"elementor-column elementor-col-50 elementor-top-column elementor-element elementor-element-eb2798e\" data-id=\"eb2798e\" data-element_type=\"column\">\n\t\t\t<div class=\"elementor-widget-wrap elementor-element-populated\">\n\t\t\t\t\t\t\t\t<section class=\"elementor-section elementor-inner-section elementor-element elementor-element-3c17a9e elementor-section-height-min-height elementor-hidden-tablet elementor-hidden-mobile elementor-section-boxed elementor-section-height-default\" data-id=\"3c17a9e\" data-element_type=\"section\" data-settings=\"{&quot;jet_parallax_layout_list&quot;:[],&quot;background_background&quot;:&quot;video&quot;,&quot;background_video_link&quot;:&quot;https:\\\/\\\/www.youtube.com\\\/watch?v=cc3zOGv0Opc&amp;ab_channel=JJ-Lipizzans%2CJanaJa%C5%A1ovi%C4%87Memon&quot;,&quot;background_video_start&quot;:10,&quot;background_video_end&quot;:70}\">\n\t\t\t\t\t\t\t\t<div class=\"elementor-background-video-container elementor-hidden-phone\">\n\t\t\t\t\t\t\t\t\t\t\t\t\t<div class=\"elementor-background-video-embed\"><\/div>\n\t\t\t\t\t\t\t\t\t\t\t\t<\/div>\n\t\t\t\t\t\t\t\t<div class=\"elementor-container elementor-column-gap-default\">\n\t\t\t\t\t<div class=\"elementor-column elementor-col-100 elementor-inner-column elementor-element elementor-element-7db0f63\" data-id=\"7db0f63\" data-element_type=\"column\">\n\t\t\t<div class=\"elementor-widget-wrap elementor-element-populated\">\n\t\t\t\t\t\t\t\t<div class=\"elementor-element elementor-element-5bfc808 elementor-widget elementor-widget-image\" data-id=\"5bfc808\" data-element_type=\"widget\" data-widget_type=\"image.default\">\n\t\t\t\t<div class=\"elementor-widget-container\">\n\t\t\t\t\t\t\t\t\t\t\t\t\t\t\t<img decoding=\"async\" width=\"239\" height=\"215\" src=\"https:\/\/www.jjlipizzans.com\/wp-content\/uploads\/2020\/11\/63e902e2e9514.png\" class=\"attachment-large size-large wp-image-29473\" alt=\"63e902e2e9514\" \/>\t\t\t\t\t\t\t\t\t\t\t\t\t\t\t<\/div>\n\t\t\t\t<\/div>\n\t\t\t\t\t<\/div>\n\t\t<\/div>\n\t\t\t\t\t\t\t<\/div>\n\t\t<\/section>\n\t\t\t\t<div class=\"elementor-element elementor-element-08bbc5d elementor-hidden-desktop elementor-widget elementor-widget-jet-video\" data-id=\"08bbc5d\" data-element_type=\"widget\" data-widget_type=\"jet-video.default\">\n\t\t\t\t<div class=\"elementor-widget-container\">\n\t\t\t<div class=\"elementor-jet-video jet-elements\">\n<div class=\"jet-video jet-video--fa5-compat jet-video-aspect-ratio jet-video-aspect-ratio--16-9\" data-settings=\"{&quot;lightbox&quot;:false,&quot;autoplay&quot;:true}\"><iframe class=\"jet-video-iframe\" allowfullscreen title=\"youtube Video Player\" data-lazy-load=\"https:\/\/www.youtube.com\/embed\/cc3zOGv0Opc?feature=oembed&amp;playlist=cc3zOGv0Opc&amp;wmode=opaque&amp;autoplay=1&amp;loop=1&amp;controls=0&amp;mute=1&amp;rel=0&amp;modestbranding=0\" allow=\"autoplay;encrypted-media\"><\/iframe>\n<div class=\"jet-video__overlay jet-video__overlay--custom-bg\" style=\"background-image: url(https:\/\/i.ytimg.com\/vi_webp\/cc3zOGv0Opc\/maxresdefault.webp);\">\n<div class=\"jet-video__play-button\" role=\"button\" tabindex=\"0\" aria-label=\"Video play button\"><span class=\"jet-elements-icon jet-video__play-button-icon\"><i aria-hidden=\"true\" class=\"fas fa-play\"><\/i><\/span>\t<span class=\"elementor-screen-only\">Play Video<\/span>\n<\/div>\n<\/div>\n<\/div>\n<\/div>\t\t<\/div>\n\t\t\t\t<\/div>\n\t\t\t\t\t<\/div>\n\t\t<\/div>\n\t\t\t\t\t\t\t<\/div>\n\t\t<\/section>\n\t\t\t\t<section class=\"elementor-section elementor-top-section elementor-element elementor-element-18cea23 elementor-section-height-min-height elementor-reverse-tablet elementor-reverse-mobile elementor-section-boxed elementor-section-height-default elementor-section-items-middle\" data-id=\"18cea23\" data-element_type=\"section\" id=\"prva_leta\" data-settings=\"{&quot;jet_parallax_layout_list&quot;:[]}\">\n\t\t\t\t\t\t<div class=\"elementor-container elementor-column-gap-default\">\n\t\t\t\t\t<div class=\"elementor-column elementor-col-50 elementor-top-column elementor-element elementor-element-0e06471\" data-id=\"0e06471\" data-element_type=\"column\">\n\t\t\t<div class=\"elementor-widget-wrap elementor-element-populated\">\n\t\t\t\t\t\t\t\t<div class=\"elementor-element elementor-element-0da5323 elementor-widget elementor-widget-heading\" data-id=\"0da5323\" data-element_type=\"widget\" data-widget_type=\"heading.default\">\n\t\t\t\t<div class=\"elementor-widget-container\">\n\t\t\t<h2 class=\"elementor-heading-title elementor-size-default\">Novo \u017eivljenje in prva leta\u200b<\/h2>\t\t<\/div>\n\t\t\t\t<\/div>\n\t\t\t\t<div class=\"elementor-element elementor-element-d4eaaa8 elementor-widget elementor-widget-text-editor\" data-id=\"d4eaaa8\" data-element_type=\"widget\" data-widget_type=\"text-editor.default\">\n\t\t\t\t<div class=\"elementor-widget-container\">\n\t\t\t\t\t\t\t<p>Ko \u017erebeta napolnijo mesec in pol, za\u010dnejo \u017eiveti v organizirani \u010dredi 24\/7 na prostranih pa\u0161nikih, v \u010dredi, ki jo sedaj \u017ee poznajo. Od tem \u010dasu nam stoodstono zaupajo in matere jih v naslednjih mesecih nau\u010dijo nevarnosti narave, gibanja po prostranih pa\u0161nikih, iskanja hranja in vode ter pomembnosti \u010drede, ki postane njihova dru\u017eina. \u017drebice in \u017ereb\u010dki istega letnika tako pre\u017eivijo s svojimi sovrstniki naslednja leta odra\u0161\u010danja.\u00a0<\/p>\t\t\t\t\t\t<\/div>\n\t\t\t\t<\/div>\n\t\t\t\t<div class=\"elementor-element elementor-element-172a4d9 elementor-widget elementor-widget-jet-view-more\" data-id=\"172a4d9\" data-element_type=\"widget\" data-widget_type=\"jet-view-more.default\">\n\t\t\t\t<div class=\"elementor-widget-container\">\n\t\t\t<div class=\"jet-view-more\" data-settings=\"{&quot;effect&quot;:&quot;fall-perspective&quot;,&quot;sections&quot;:{&quot;a2ee5ad&quot;:&quot;section_2&quot;},&quot;showall&quot;:true}\"><div class=\"jet-view-more__button\" role=\"button\" tabindex=\"0\"><div class=\"jet-view-more__icon jet-tricks-icon\"><i aria-hidden=\"true\" class=\"fas fa-arrow-circle-right\"><\/i><\/div><div class=\"jet-view-more__label\">Preberi ve\u010d<\/div><\/div><\/div>\t\t<\/div>\n\t\t\t\t<\/div>\n\t\t\t\t<section class=\"jet-view-more-section elementor-section elementor-inner-section elementor-element elementor-element-adec3ab elementor-section-boxed elementor-section-height-default elementor-section-height-default\" data-id=\"adec3ab\" data-element_type=\"section\" id=\"section_2\" data-settings=\"{&quot;jet_parallax_layout_list&quot;:[]}\">\n\t\t\t\t\t\t<div class=\"elementor-container elementor-column-gap-default\">\n\t\t\t\t\t<div class=\"elementor-column elementor-col-100 elementor-inner-column elementor-element elementor-element-69b08f5\" data-id=\"69b08f5\" data-element_type=\"column\">\n\t\t\t<div class=\"elementor-widget-wrap elementor-element-populated\">\n\t\t\t\t\t\t\t\t<div class=\"elementor-element elementor-element-5d85f1d elementor-widget elementor-widget-text-editor\" data-id=\"5d85f1d\" data-element_type=\"widget\" data-widget_type=\"text-editor.default\">\n\t\t\t\t<div class=\"elementor-widget-container\">\n\t\t\t\t\t\t\t<p>\u017drebice, ki postanejio plemenske kobile bodo tako v bodo\u010de skupaj skrbele za naslednje rodove \u017erebet. Vse kobile so v starosti \u0161tirih let trenirane pod sedlom. Vjahujemo tudi konje, ki so namenjeni prodaji. V spomladanskem \u010dasu na svet pokukajo \u017erebeta. Vsa so skotena v porodnih boksih, ki so opremljeni z video-nadzornim sistemom. Tam naredijo prve korake in do\u017eivijo prvi stik s \u010dlovekom. V naslednjih dneh pri\u010dnemo s socializacijo \u017erebet. Vsa se navadijo vodenja na oglavki in dvigovanja nog. Za rejo uporabljamo zgolj mirne kobile, ki jim lahko v popolnosti zaupamo, saj je mirna, pametna in dobro trenirana kobila najbolj\u0161a nalo\u017eba v prihodnost. V starosti dveh ali treh tednov nastanimo kobilo in \u017erebe v boksih ob koncu vasi, kjer dneve kobile z \u017erebeti pre\u017eivijo v skupni \u010dredi, no\u010di pa v boksih. Tak na\u010din dela nam omogo\u010da nadaljno socializacijo in stik z \u017erebeti, ter v obdobju najve\u010dje laktracije hanjenje kobil glede na njihove potrebe.<\/p>\t\t\t\t\t\t<\/div>\n\t\t\t\t<\/div>\n\t\t\t\t\t<\/div>\n\t\t<\/div>\n\t\t\t\t\t\t\t<\/div>\n\t\t<\/section>\n\t\t\t\t\t<\/div>\n\t\t<\/div>\n\t\t\t\t<div class=\"elementor-column elementor-col-50 elementor-top-column elementor-element elementor-element-b78beb5\" data-id=\"b78beb5\" data-element_type=\"column\" data-settings=\"{&quot;background_background&quot;:&quot;classic&quot;}\">\n\t\t\t<div class=\"elementor-widget-wrap elementor-element-populated\">\n\t\t\t\t\t\t\t\t<div class=\"elementor-element elementor-element-c720414 elementor-widget elementor-widget-spacer\" data-id=\"c720414\" data-element_type=\"widget\" data-widget_type=\"spacer.default\">\n\t\t\t\t<div class=\"elementor-widget-container\">\n\t\t\t\t\t<div class=\"elementor-spacer\">\n\t\t\t<div class=\"elementor-spacer-inner\"><\/div>\n\t\t<\/div>\n\t\t\t\t<\/div>\n\t\t\t\t<\/div>\n\t\t\t\t\t<\/div>\n\t\t<\/div>\n\t\t\t\t\t\t\t<\/div>\n\t\t<\/section>\n\t\t\t\t<section class=\"elementor-section elementor-top-section elementor-element elementor-element-89c1237 elementor-section-height-min-height elementor-section-items-bottom elementor-section-boxed elementor-section-height-default\" data-id=\"89c1237\" data-element_type=\"section\" data-settings=\"{&quot;jet_parallax_layout_list&quot;:[],&quot;background_background&quot;:&quot;classic&quot;}\">\n\t\t\t\t\t\t\t<div class=\"elementor-background-overlay\"><\/div>\n\t\t\t\t\t\t\t<div class=\"elementor-container elementor-column-gap-default\">\n\t\t\t\t\t<div class=\"elementor-column elementor-col-50 elementor-top-column elementor-element elementor-element-4bd5299\" data-id=\"4bd5299\" data-element_type=\"column\">\n\t\t\t<div class=\"elementor-widget-wrap elementor-element-populated\">\n\t\t\t\t\t\t\t\t<div class=\"elementor-element elementor-element-7775da4 elementor-widget elementor-widget-text-editor\" data-id=\"7775da4\" data-element_type=\"widget\" data-widget_type=\"text-editor.default\">\n\t\t\t\t<div class=\"elementor-widget-container\">\n\t\t\t\t\t\t\t<p>Ob prodaji svetujemo novim lastnikom in organiziramo prevoz konj v nov dom. Konje spremljajo veterinarski in morebitni drugi dokumenti, za katere poskrbimo mi. Na\u0161e konje lahko najdete \u0161irom Sveta.<\/p><p><em>Veselimo se va\u0161ega obiska!<\/em><\/p>\t\t\t\t\t\t<\/div>\n\t\t\t\t<\/div>\n\t\t\t\t<div class=\"elementor-element elementor-element-b5bd942 elementor-widget elementor-widget-text-editor\" data-id=\"b5bd942\" data-element_type=\"widget\" data-widget_type=\"text-editor.default\">\n\t\t\t\t<div class=\"elementor-widget-container\">\n\t\t\t\t\t\t\t<p><em>Jana<\/em><\/p>\t\t\t\t\t\t<\/div>\n\t\t\t\t<\/div>\n\t\t\t\t\t<\/div>\n\t\t<\/div>\n\t\t\t\t<div class=\"elementor-column elementor-col-50 elementor-top-column elementor-element elementor-element-ac3411e elementor-hidden-tablet elementor-hidden-mobile\" data-id=\"ac3411e\" data-element_type=\"column\">\n\t\t\t<div class=\"elementor-widget-wrap\">\n\t\t\t\t\t\t\t\t\t<\/div>\n\t\t<\/div>\n\t\t\t\t\t\t\t<\/div>\n\t\t<\/section>\n\t\t\t\t\t\t\t<\/div>\n\t\t","protected":false},"excerpt":{"rendered":"<p>Na\u0161a zgodba Predstavitev Na\u0161 center se nahaja v vasi Pre\u0161nica, pod Slavnikom, kjer se stikata kra\u0161ki svet in Brkini. Organizirani smo kot dru\u017einska ekolo\u0161ka kmetija in zagotavljamo visoke standarde prehrane in bivanja konj. Ukvarjamo se z rejo avtohnote pasme \u2013 LIPICANEC. V delo sva vpeta s soprogom, zadnje dve leti nama pomagajo tudi pridne roke [&hellip;]<\/p>\n","protected":false},"author":1,"featured_media":0,"parent":0,"menu_order":0,"comment_status":"closed","ping_status":"closed","template":"","meta":{"_seopress_robots_primary_cat":""},"_links":{"self":[{"href":"https:\/\/www.jjlipizzans.com\/sl\/wp-json\/wp\/v2\/pages\/29602"}],"collection":[{"href":"https:\/\/www.jjlipizzans.com\/sl\/wp-json\/wp\/v2\/pages"}],"about":[{"href":"https:\/\/www.jjlipizzans.com\/sl\/wp-json\/wp\/v2\/types\/page"}],"author":[{"embeddable":true,"href":"https:\/\/www.jjlipizzans.com\/sl\/wp-json\/wp\/v2\/users\/1"}],"replies":[{"embeddable":true,"href":"https:\/\/www.jjlipizzans.com\/sl\/wp-json\/wp\/v2\/comments?post=29602"}],"version-history":[{"count":0,"href":"https:\/\/www.jjlipizzans.com\/sl\/wp-json\/wp\/v2\/pages\/29602\/revisions"}],"wp:attachment":[{"href":"https:\/\/www.jjlipizzans.com\/sl\/wp-json\/wp\/v2\/media?parent=29602"}],"curies":[{"name":"wp","href":"https:\/\/api.w.org\/{rel}","templated":true}]}}