{"id":31040,"date":"2023-02-17T21:16:48","date_gmt":"2023-02-17T21:16:48","guid":{"rendered":"https:\/\/www.ivh10.si\/Ponudbe\/konji\/?post_type=product&#038;p=31040"},"modified":"2025-11-08T20:28:30","modified_gmt":"2025-11-08T20:28:30","slug":"413-bonadea-xxxvi","status":"publish","type":"product","link":"https:\/\/www.jjlipizzans.com\/sl\/trgovina\/plemenske-kobile\/413-bonadea-xxxvi\/","title":{"rendered":"413 BONADEA XXXVI (Bon\u010da)"},"content":{"rendered":"<p>Baro\u010dna kobila, priznana za pleme, izdatnih in ritmi\u010dnih hodov. Odlikuje jo odli\u010dno poreklo in kvalitetno potomstvo. Je sestra vranega programskega in plemenskega \u017erebca Kobilarne Lipica 331 Conversano Bonadea XXVI.<\/p>\n<p>Potomci:<\/p>\n<ul>\n<li>932 Bonadea XXI, roj: 2011<\/li>\n<li>931 Bonadea XX, roj: 2012<\/li>\n<li>064 Maestoso Bonadea XXXVI, roj: 31.03.2017, prodan v Francijo, temne barve, priznan za pleme<\/li>\n<li>118 Maestoso Bonadea XXXVI, roj: 24.03.2018, prodan v Sloveniji<\/li>\n<li>149 Maestoso Bonadea XXXVI, roj: 19.4.2019, prodan v \u0160vico<\/li>\n<li>193 Maestoso Bonadea XXXVI, roj: 14.4.2020, temne barve, prodan v Nem\u010dijo<\/li>\n<li>286 Maestoso Bonadea XXXVI, roj: 08.04.2022, temne barve, prodan v Nem\u010dijo<\/li>\n<li>372 Bonadea XXVI, roj: 25.04.2024, temne barve<\/li>\n<li>403 Bonadea XXVII, roj: 5.5.2025<\/li>\n<\/ul>\n","protected":false},"excerpt":{"rendered":"<p>Baro\u010dna kobila, priznana za pleme, izdatnih in ritmi\u010dnih hodov. Odlikuje jo odli\u010dno poreklo in kvalitetno potomstvo. Je sestra vranega programskega in plemenskega \u017erebca Kobilarne Lipica 331 Conversano Bonadea XXVI. Potomci: 932 Bonadea XXI, roj: 2011 931 Bonadea XX, roj: 2012 064 Maestoso Bonadea XXXVI, roj: 31.03.2017, prodan v Francijo, temne barve, priznan za pleme 118 [&hellip;]<\/p>\n","protected":false},"featured_media":31043,"template":"","meta":{"_seopress_robots_primary_cat":"none"},"product_cat":[283],"product_tag":[],"_links":{"self":[{"href":"https:\/\/www.jjlipizzans.com\/sl\/wp-json\/wp\/v2\/product\/31040"}],"collection":[{"href":"https:\/\/www.jjlipizzans.com\/sl\/wp-json\/wp\/v2\/product"}],"about":[{"href":"https:\/\/www.jjlipizzans.com\/sl\/wp-json\/wp\/v2\/types\/product"}],"version-history":[{"count":0,"href":"https:\/\/www.jjlipizzans.com\/sl\/wp-json\/wp\/v2\/product\/31040\/revisions"}],"wp:featuredmedia":[{"embeddable":true,"href":"https:\/\/www.jjlipizzans.com\/sl\/wp-json\/wp\/v2\/media\/31043"}],"wp:attachment":[{"href":"https:\/\/www.jjlipizzans.com\/sl\/wp-json\/wp\/v2\/media?parent=31040"}],"wp:term":[{"taxonomy":"product_cat","embeddable":true,"href":"https:\/\/www.jjlipizzans.com\/sl\/wp-json\/wp\/v2\/product_cat?post=31040"},{"taxonomy":"product_tag","embeddable":true,"href":"https:\/\/www.jjlipizzans.com\/sl\/wp-json\/wp\/v2\/product_tag?post=31040"}],"curies":[{"name":"wp","href":"https:\/\/api.w.org\/{rel}","templated":true}]}}