{"id":31184,"date":"2023-02-19T16:46:39","date_gmt":"2023-02-19T16:46:39","guid":{"rendered":"https:\/\/www.ivh10.si\/Ponudbe\/konji\/?post_type=product&#038;p=31184"},"modified":"2023-02-23T10:58:48","modified_gmt":"2023-02-23T10:58:48","slug":"426-maestoso-gratiosa-ii","status":"publish","type":"product","link":"https:\/\/www.jjlipizzans.com\/sl\/trgovina\/ostali-plemenjaki\/426-maestoso-gratiosa-ii\/","title":{"rendered":"426 MAESTOSO GRATIOSA II"},"content":{"rendered":"<p><strong>426 Maestoso Gratiosa II<\/strong>\u00a0 je lep, kasi\u010den \u017erebec. \u017drebca odlikuje delavoljnost in izreden karakter, ki ga uspe\u0161no prena\u0161a na svoje potomce. Plemenjak je v lasti Kobilarne Lipica, kjer so ga uporabljali tudi v klasi\u010dni dresuri. Pri nas je plemenil v sezonah 2019, 2020, 2021 in 2022.<\/p>\n","protected":false},"excerpt":{"rendered":"<p>426 Maestoso Gratiosa II\u00a0 je lep, kasi\u010den \u017erebec. \u017drebca odlikuje delavoljnost in izreden karakter, ki ga uspe\u0161no prena\u0161a na svoje potomce. Plemenjak je v lasti Kobilarne Lipica, kjer so ga uporabljali tudi v klasi\u010dni dresuri. Pri nas je plemenil v sezonah 2019, 2020, 2021 in 2022.<\/p>\n","protected":false},"featured_media":31186,"template":"","meta":{"_seopress_robots_primary_cat":"none"},"product_cat":[287],"product_tag":[],"_links":{"self":[{"href":"https:\/\/www.jjlipizzans.com\/sl\/wp-json\/wp\/v2\/product\/31184"}],"collection":[{"href":"https:\/\/www.jjlipizzans.com\/sl\/wp-json\/wp\/v2\/product"}],"about":[{"href":"https:\/\/www.jjlipizzans.com\/sl\/wp-json\/wp\/v2\/types\/product"}],"version-history":[{"count":0,"href":"https:\/\/www.jjlipizzans.com\/sl\/wp-json\/wp\/v2\/product\/31184\/revisions"}],"wp:featuredmedia":[{"embeddable":true,"href":"https:\/\/www.jjlipizzans.com\/sl\/wp-json\/wp\/v2\/media\/31186"}],"wp:attachment":[{"href":"https:\/\/www.jjlipizzans.com\/sl\/wp-json\/wp\/v2\/media?parent=31184"}],"wp:term":[{"taxonomy":"product_cat","embeddable":true,"href":"https:\/\/www.jjlipizzans.com\/sl\/wp-json\/wp\/v2\/product_cat?post=31184"},{"taxonomy":"product_tag","embeddable":true,"href":"https:\/\/www.jjlipizzans.com\/sl\/wp-json\/wp\/v2\/product_tag?post=31184"}],"curies":[{"name":"wp","href":"https:\/\/api.w.org\/{rel}","templated":true}]}}