{"id":31819,"date":"2023-11-27T07:46:05","date_gmt":"2023-11-27T07:46:05","guid":{"rendered":"https:\/\/www.jjlipizzans.com\/?post_type=product&#038;p=31819"},"modified":"2026-04-13T20:58:04","modified_gmt":"2026-04-13T20:58:04","slug":"342-maestoso-trompeta-xlvi-tornado","status":"publish","type":"product","link":"https:\/\/www.jjlipizzans.com\/sl\/trgovina\/konji-za-prodajo\/342-maestoso-trompeta-xlvi-tornado\/","title":{"rendered":"342 MAESTOSO TROMPETA XLVI (Tornado)"},"content":{"rendered":"<h2>Lipicanec \/ Lipizzaner<\/h2>\n<h3 data-start=\"0\" data-end=\"109\">\ud83c\udf1f <strong data-start=\"3\" data-end=\"104\">342 Maestoso Trompeta XLVI \u2013 lipicanski kastrat rojen 2023 z izjemnim zna\u010dajem in v klasi\u010dnem tipu<\/strong>\u00a0\ud83c\udf1f<\/h3>\n<p data-start=\"111\" data-end=\"218\"><strong data-start=\"111\" data-end=\"137\">Maestoso Trompeta XLVI (aka Tarzan)<\/strong>, rojen 04\/2023 \u2013 kastrat, ki resni\u010dno odra\u017ea vrednote na\u0161ega vzrejnega programa.<\/p>\n<p data-start=\"220\" data-end=\"384\">\ud83e\uddec <strong data-start=\"223\" data-end=\"236\">Rodovnik:<\/strong><br data-start=\"236\" data-end=\"239\" \/>\ud83d\udc34 Mati: 571 Trompeta XLVI (Lipica)<br data-start=\"274\" data-end=\"277\" \/>\ud83d\udc34 O\u010de: <a href=\"https:\/\/www.jjlipizzans.com\/en\/trgovina\/ostali-plemenjaki\/426-maestoso-gratiosa-ii\/\">426 Maestoso Gratiosa II (Lipica)<\/a>\u00a0<br data-start=\"318\" data-end=\"321\" \/>\ud83d\udccf Vi\u0161ina: trenutno 154 cm (odrasel pribli\u017eno 160 cm v vihru)<\/p>\n<p data-start=\"386\" data-end=\"635\">Tarzan navdu\u0161uje z izrazitim klasi\u010dnim tipom, trdno konstitucijo in predvsem \u2013 izjemno prijaznim, ljudem naklonjenim zna\u010dajem. Je miren, prijeten in enostaven za rokovanje \u2013 idealen kandidat za bodo\u010dega dru\u017einskega ali \u0161portnega partnerja.<\/p>\n<p data-start=\"637\" data-end=\"668\">\ud83d\udc34 <strong data-start=\"640\" data-end=\"666\">Kaj ga dela posebnega:<\/strong><\/p>\n<ul data-start=\"669\" data-end=\"984\">\n<li data-start=\"669\" data-end=\"729\">\n<p data-start=\"671\" data-end=\"729\">Odra\u0161\u010dal je z veliko pozornostjo na zna\u010daj in pravilnost<\/p>\n<\/li>\n<li data-start=\"730\" data-end=\"853\">\n<p data-start=\"732\" data-end=\"853\">Navajen vsakodnevnega rokovanja, boksa\u2013paddocka ali 24\/7 \u017eivljenja v \u010dredi; trenutno raste v dinami\u010dnem \u010drednem okolju<\/p>\n<\/li>\n<li data-start=\"854\" data-end=\"916\">\n<p data-start=\"856\" data-end=\"916\">Naravno uravnote\u017een konj, korekten v vseh partijah telesa<\/p>\n<\/li>\n<li data-start=\"917\" data-end=\"946\">\n<p data-start=\"919\" data-end=\"946\">Zdrav in redno razglisten<\/p>\n<\/li>\n<li data-start=\"947\" data-end=\"984\">\n<p data-start=\"949\" data-end=\"984\">Polbrata je mogo\u010de videti v \u010dredi<\/p>\n<\/li>\n<\/ul>\n<p data-start=\"986\" data-end=\"1292\">Odra\u0161\u010da z veliko gibanja in socialne interakcije \u2013 kar je najbolj\u0161a osnova za zdravo telesno in du\u0161evno rast. \u010ce i\u0161\u010dete bodo\u010dega jahalnega partnerja, konja za vprego ali preprosto zanesljivega sopotnika, s katerim boste gradili pristno vez \u2013 <strong data-start=\"1228\" data-end=\"1254\">Maestoso Trompeta XLVI<\/strong> si vsekakor zaslu\u017ei va\u0161o pozornost.<\/p>\n<p data-start=\"1294\" data-end=\"1414\">\ud83d\udcfd Ve\u010d videoposnetkov na voljo na zahtevo<br data-start=\"1335\" data-end=\"1338\" \/>\ud83e\ude7a Predhodni veterinarski pregled (PPE) in \ud83d\udce6 prevoz se lahko organizirata<\/p>\n<p data-start=\"1416\" data-end=\"1496\">\ud83d\udce9 <strong data-start=\"1419\" data-end=\"1441\">Za ve\u010d informacij:<\/strong><br data-start=\"1441\" data-end=\"1444\" \/>\ud83d\udce7 <a class=\"decorated-link cursor-pointer\" rel=\"noopener\" data-start=\"1447\" data-end=\"1467\">info@jjlipizzans.com<\/a><br data-start=\"1467\" data-end=\"1470\" \/>\ud83d\udcf1 WhatsApp: 068 180 573<\/p>\n<p data-start=\"1498\" data-end=\"1604\" data-is-last-node=\"\" data-is-only-node=\"\">#lipicanec #LipizzanerForSale #lipicanskivalah #\u017eivljenjev\u010dredi #jjlipizzans #slavnik #JJLipizzansSlovenia<\/p>\n","protected":false},"excerpt":{"rendered":"<p>Lipicanec \/ Lipizzaner \ud83c\udf1f 342 Maestoso Trompeta XLVI \u2013 lipicanski kastrat rojen 2023 z izjemnim zna\u010dajem in v klasi\u010dnem tipu\u00a0\ud83c\udf1f Maestoso Trompeta XLVI (aka Tarzan), rojen 04\/2023 \u2013 kastrat, ki resni\u010dno odra\u017ea vrednote na\u0161ega vzrejnega programa. \ud83e\uddec Rodovnik:\ud83d\udc34 Mati: 571 Trompeta XLVI (Lipica)\ud83d\udc34 O\u010de: 426 Maestoso Gratiosa II (Lipica)\u00a0\ud83d\udccf Vi\u0161ina: trenutno 154 cm (odrasel pribli\u017eno [&hellip;]<\/p>\n","protected":false},"featured_media":32540,"template":"","meta":{"_seopress_robots_primary_cat":"none"},"product_cat":[284],"product_tag":[],"_links":{"self":[{"href":"https:\/\/www.jjlipizzans.com\/sl\/wp-json\/wp\/v2\/product\/31819"}],"collection":[{"href":"https:\/\/www.jjlipizzans.com\/sl\/wp-json\/wp\/v2\/product"}],"about":[{"href":"https:\/\/www.jjlipizzans.com\/sl\/wp-json\/wp\/v2\/types\/product"}],"version-history":[{"count":0,"href":"https:\/\/www.jjlipizzans.com\/sl\/wp-json\/wp\/v2\/product\/31819\/revisions"}],"wp:featuredmedia":[{"embeddable":true,"href":"https:\/\/www.jjlipizzans.com\/sl\/wp-json\/wp\/v2\/media\/32540"}],"wp:attachment":[{"href":"https:\/\/www.jjlipizzans.com\/sl\/wp-json\/wp\/v2\/media?parent=31819"}],"wp:term":[{"taxonomy":"product_cat","embeddable":true,"href":"https:\/\/www.jjlipizzans.com\/sl\/wp-json\/wp\/v2\/product_cat?post=31819"},{"taxonomy":"product_tag","embeddable":true,"href":"https:\/\/www.jjlipizzans.com\/sl\/wp-json\/wp\/v2\/product_tag?post=31819"}],"curies":[{"name":"wp","href":"https:\/\/api.w.org\/{rel}","templated":true}]}}