{"id":32025,"date":"2024-06-29T07:52:29","date_gmt":"2024-06-29T07:52:29","guid":{"rendered":"https:\/\/www.jjlipizzans.com\/?post_type=product&#038;p=32025"},"modified":"2024-12-30T11:05:48","modified_gmt":"2024-12-30T11:05:48","slug":"generacija-2024","status":"publish","type":"product","link":"https:\/\/www.jjlipizzans.com\/sl\/trgovina\/mladi-konji\/generacija-2024\/","title":{"rendered":"GENERACIJA 2024"},"content":{"rendered":"<ul>\n<li><strong>369 PLUTO TROMPETA XLVI<\/strong>, mo\u0161ko \u017erebe, roj: 20.04.2024 \/<a href=\"https:\/\/www.jjlipizzans.com\/sl\/trgovina\/konji-za-prodajo\/maestoso-trompeta-xlvi\/\">NAPRODAJ<\/a><\/li>\n<li><strong>371 VALDAMORA XV<\/strong>, \u017eensko \u017erebe, roj: 22.04.2024<\/li>\n<li><strong>370 MAESTOSO MONTEAURA XXXVIII<\/strong>, mo\u0161ko \u017erebe temne barve, roj: 21.04.2024 \/ PRODAN<\/li>\n<li><strong>372 BONADEA XXVI<\/strong>, \u017eensko \u017erebe temne barve, roj: 25.04.2024<\/li>\n<li><strong>373 CAPRIOLA XXXII<\/strong>, \u017eensko \u017erebe, born: 03.05.2024<\/li>\n<li><strong>374 PLUTO ALLEGRA XXIX<\/strong>, mo\u0161ko \u017erebe, born: 25.05.2024<\/li>\n<\/ul>\n","protected":false},"excerpt":{"rendered":"<p>369 PLUTO TROMPETA XLVI, mo\u0161ko \u017erebe, roj: 20.04.2024 \/NAPRODAJ 371 VALDAMORA XV, \u017eensko \u017erebe, roj: 22.04.2024 370 MAESTOSO MONTEAURA XXXVIII, mo\u0161ko \u017erebe temne barve, roj: 21.04.2024 \/ PRODAN 372 BONADEA XXVI, \u017eensko \u017erebe temne barve, roj: 25.04.2024 373 CAPRIOLA XXXII, \u017eensko \u017erebe, born: 03.05.2024 374 PLUTO ALLEGRA XXIX, mo\u0161ko \u017erebe, born: 25.05.2024<\/p>\n","protected":false},"featured_media":31968,"template":"","meta":{"_seopress_robots_primary_cat":"none"},"product_cat":[286],"product_tag":[],"_links":{"self":[{"href":"https:\/\/www.jjlipizzans.com\/sl\/wp-json\/wp\/v2\/product\/32025"}],"collection":[{"href":"https:\/\/www.jjlipizzans.com\/sl\/wp-json\/wp\/v2\/product"}],"about":[{"href":"https:\/\/www.jjlipizzans.com\/sl\/wp-json\/wp\/v2\/types\/product"}],"version-history":[{"count":0,"href":"https:\/\/www.jjlipizzans.com\/sl\/wp-json\/wp\/v2\/product\/32025\/revisions"}],"wp:featuredmedia":[{"embeddable":true,"href":"https:\/\/www.jjlipizzans.com\/sl\/wp-json\/wp\/v2\/media\/31968"}],"wp:attachment":[{"href":"https:\/\/www.jjlipizzans.com\/sl\/wp-json\/wp\/v2\/media?parent=32025"}],"wp:term":[{"taxonomy":"product_cat","embeddable":true,"href":"https:\/\/www.jjlipizzans.com\/sl\/wp-json\/wp\/v2\/product_cat?post=32025"},{"taxonomy":"product_tag","embeddable":true,"href":"https:\/\/www.jjlipizzans.com\/sl\/wp-json\/wp\/v2\/product_tag?post=32025"}],"curies":[{"name":"wp","href":"https:\/\/api.w.org\/{rel}","templated":true}]}}