{"id":32196,"date":"2025-07-27T06:50:42","date_gmt":"2025-07-27T06:50:42","guid":{"rendered":"https:\/\/www.jjlipizzans.com\/?post_type=product&#038;p=32196"},"modified":"2026-04-04T08:29:17","modified_gmt":"2026-04-04T08:29:17","slug":"darkocoted-lipizzaner-314-valdamora-xiii","status":"publish","type":"product","link":"https:\/\/www.jjlipizzans.com\/sl\/trgovina\/konji-za-prodajo\/darkocoted-lipizzaner-314-valdamora-xiii\/","title":{"rendered":"314 VALDAMORA XIII (Aurora)"},"content":{"rendered":"<p data-start=\"303\" data-end=\"538\">Predstavljamo vam<\/p>\n<h1 data-start=\"303\" data-end=\"538\"><strong data-start=\"336\" data-end=\"358\">314 Valdamoro XIII<\/strong>, <strong data-start=\"368\" data-end=\"407\">redko rjavo kobilo lipicanske pasme\u00a0\u00a0<\/strong><\/h1>\n<p data-start=\"303\" data-end=\"538\">z odli\u010dno klasi\u010dno rodovino in mehkim, \u010dlove\u0161ko usmerjenim zna\u010dajem. Zelo hitro se nave\u017ee na svojega \u010dloveka \u2013 prava sr\u010dna kobila.<\/p>\n<h3 data-start=\"540\" data-end=\"566\">\ud83d\udcab <strong data-start=\"543\" data-end=\"564\">Zakaj je posebna:<\/strong><\/h3>\n<ul data-start=\"567\" data-end=\"986\">\n<li data-start=\"567\" data-end=\"607\">\n<p data-start=\"569\" data-end=\"607\">Redka <strong data-start=\"575\" data-end=\"590\">rjava barva<\/strong> pri lipicancih<\/p>\n<\/li>\n<li data-start=\"608\" data-end=\"705\">\n<p data-start=\"610\" data-end=\"705\">Odli\u010dno poreklo<\/p>\n<\/li>\n<li data-start=\"706\" data-end=\"754\">\n<p data-start=\"708\" data-end=\"754\">Zelo prijazna, \u010dute\u010da in navezana na \u010dloveka<\/p>\n<\/li>\n<li data-start=\"755\" data-end=\"814\">\n<p data-start=\"757\" data-end=\"814\">Navajena na nego, vodenje, privezovanje, \u010di\u0161\u010denje kopit<\/p>\n<\/li>\n<li data-start=\"815\" data-end=\"884\">\n<p data-start=\"817\" data-end=\"884\">Pozna tako <strong data-start=\"828\" data-end=\"851\">boks\/paddock sistem<\/strong> kot <strong data-start=\"856\" data-end=\"882\">\u017eivljenje v \u010dredi 24\/7<\/strong><\/p>\n<\/li>\n<li data-start=\"885\" data-end=\"960\">\n<p data-start=\"887\" data-end=\"960\">Trenutno \u017eivi v aktivni \u010dredi 17 konj z veliko gibanja in socializacije<\/p>\n<\/li>\n<li data-start=\"961\" data-end=\"986\">\n<p data-start=\"963\" data-end=\"986\">Navajena na prevoze<\/p>\n<\/li>\n<\/ul>\n<p data-start=\"988\" data-end=\"1135\">Primerna kot <strong data-start=\"1001\" data-end=\"1029\">prihodnja jahalna kobila<\/strong>, <strong data-start=\"1031\" data-end=\"1049\">dru\u017einski konj<\/strong> ali kot posebna <strong data-start=\"1066\" data-end=\"1134\">zavirjena kobila za vzrejo z redko barvo in odli\u010dnim karakterjem<\/strong>.<\/p>\n<p data-start=\"1137\" data-end=\"1242\">\ud83c\udfa5 <a href=\"https:\/\/www.facebook.com\/1639231105\/videos\/pcb.10234266890167205\/24157200123940908\"><strong data-start=\"1140\" data-end=\"1170\">Video<\/strong><\/a><\/p>\n<p data-start=\"1137\" data-end=\"1242\">\u2708\ufe0f <strong data-start=\"1176\" data-end=\"1242\">Organizacija prevoza in veterinarskega pregleda (AKU) je mo\u017ena<\/strong><\/p>\n<p data-start=\"1244\" data-end=\"1343\">\ud83d\udcde <strong data-start=\"1247\" data-end=\"1259\">Kontakt:<\/strong><\/p>\n<ul>\n<li data-start=\"1244\" data-end=\"1343\"><a href=\"https:\/\/www.jjlipizzans.com\/sl\/nasa-zgodba\/\">Na\u0161a zgodba<\/a><\/li>\n<li data-start=\"1244\" data-end=\"1343\">\ud83d\udce7 <a class=\"cursor-pointer\" rel=\"noopener\" data-start=\"1265\" data-end=\"1285\">info@jjlipizzans.com<\/a><br data-start=\"1285\" data-end=\"1288\" \/>\ud83d\udcf1 WhatsApp: +386 68 180 573<br data-start=\"1316\" data-end=\"1319\" \/>\ud83c\udf10 <a class=\"\" href=\"http:\/\/www.jjlipizzans.com\" target=\"_new\" rel=\"noopener\" data-start=\"1322\" data-end=\"1341\">www.jjlipizzans.com<\/a><\/li>\n<\/ul>\n<p data-start=\"1345\" data-end=\"1475\">#jjlipizzans #lipicanec #konjnaprodaj #lipicankobila #redkabarva #konjislovenija #kobilanaprodaj #mladkonj#dru\u017einskikonj<\/p>\n<p data-start=\"1345\" data-end=\"1475\"><a href=\"https:\/\/www.ehorses.de\/lipizzaner-stute-2jahre-149-cm-dunkelbrauner-barockpferd-working-equitation-horses-zuchtpferd-freizeitpferd-kozina\/4684645.html\">Oglejte si oglas na Ehorses.de<\/a><\/p>\n<p data-start=\"1345\" data-end=\"1475\"><a href=\"https:\/\/www.jjlipizzans.com\/sl\/kategorija-izdelka\/konji-za-prodajo\/\">Drugi konji na prodaj<\/a><\/p>\n","protected":false},"excerpt":{"rendered":"<p>Predstavljamo vam 314 Valdamoro XIII, redko rjavo kobilo lipicanske pasme\u00a0\u00a0 z odli\u010dno klasi\u010dno rodovino in mehkim, \u010dlove\u0161ko usmerjenim zna\u010dajem. Zelo hitro se nave\u017ee na svojega \u010dloveka \u2013 prava sr\u010dna kobila. \ud83d\udcab Zakaj je posebna: Redka rjava barva pri lipicancih Odli\u010dno poreklo Zelo prijazna, \u010dute\u010da in navezana na \u010dloveka Navajena na nego, vodenje, privezovanje, \u010di\u0161\u010denje kopit [&hellip;]<\/p>\n","protected":false},"featured_media":32527,"template":"","meta":{"_seopress_robots_primary_cat":"none"},"product_cat":[284],"product_tag":[],"_links":{"self":[{"href":"https:\/\/www.jjlipizzans.com\/sl\/wp-json\/wp\/v2\/product\/32196"}],"collection":[{"href":"https:\/\/www.jjlipizzans.com\/sl\/wp-json\/wp\/v2\/product"}],"about":[{"href":"https:\/\/www.jjlipizzans.com\/sl\/wp-json\/wp\/v2\/types\/product"}],"version-history":[{"count":0,"href":"https:\/\/www.jjlipizzans.com\/sl\/wp-json\/wp\/v2\/product\/32196\/revisions"}],"wp:featuredmedia":[{"embeddable":true,"href":"https:\/\/www.jjlipizzans.com\/sl\/wp-json\/wp\/v2\/media\/32527"}],"wp:attachment":[{"href":"https:\/\/www.jjlipizzans.com\/sl\/wp-json\/wp\/v2\/media?parent=32196"}],"wp:term":[{"taxonomy":"product_cat","embeddable":true,"href":"https:\/\/www.jjlipizzans.com\/sl\/wp-json\/wp\/v2\/product_cat?post=32196"},{"taxonomy":"product_tag","embeddable":true,"href":"https:\/\/www.jjlipizzans.com\/sl\/wp-json\/wp\/v2\/product_tag?post=32196"}],"curies":[{"name":"wp","href":"https:\/\/api.w.org\/{rel}","templated":true}]}}